{"id":989,"date":"2025-04-22T11:27:23","date_gmt":"2025-04-22T11:27:23","guid":{"rendered":"http:\/\/www.arquirequisitoeninformatica.faud.unsj.edu.ar\/?page_id=989"},"modified":"2026-04-21T22:08:29","modified_gmt":"2026-04-21T22:08:29","slug":"clase-10","status":"publish","type":"page","link":"https:\/\/www.arquirequisitoeninformatica.faud.unsj.edu.ar\/index.php\/clase-10\/","title":{"rendered":"Clase 4 &#8211; 2026"},"content":{"rendered":"\t\t<div data-elementor-type=\"wp-page\" data-elementor-id=\"989\" class=\"elementor elementor-989\">\n\t\t\t\t\t\t<section class=\"elementor-section elementor-top-section elementor-element elementor-element-8d57895 elementor-section-boxed elementor-section-height-default elementor-section-height-default\" data-id=\"8d57895\" data-element_type=\"section\" data-e-type=\"section\">\n\t\t\t\t\t\t<div class=\"elementor-container elementor-column-gap-default\">\n\t\t\t\t\t<div class=\"elementor-column elementor-col-100 elementor-top-column elementor-element elementor-element-233790a\" data-id=\"233790a\" data-element_type=\"column\" data-e-type=\"column\">\n\t\t\t<div class=\"elementor-widget-wrap elementor-element-populated\">\n\t\t\t\t\t\t<div class=\"elementor-element elementor-element-5be26de elementor-widget elementor-widget-heading\" data-id=\"5be26de\" data-element_type=\"widget\" data-e-type=\"widget\" data-widget_type=\"heading.default\">\n\t\t\t\t<div class=\"elementor-widget-container\">\n\t\t\t\t\t<h2 class=\"elementor-heading-title elementor-size-medium\">Bienvenidos, bienvenidas al cuarto encuentro, <br>en el que tendr\u00e1 lugar el Trabajo Pr\u00e1ctico N\u00b0 1<\/h2>\t\t\t\t<\/div>\n\t\t\t\t<\/div>\n\t\t\t\t\t<\/div>\n\t\t<\/div>\n\t\t\t\t\t<\/div>\n\t\t<\/section>\n\t\t\t\t<section class=\"elementor-section elementor-top-section elementor-element elementor-element-b4a1f4b elementor-section-boxed elementor-section-height-default elementor-section-height-default\" data-id=\"b4a1f4b\" data-element_type=\"section\" data-e-type=\"section\">\n\t\t\t\t\t\t<div class=\"elementor-container elementor-column-gap-default\">\n\t\t\t\t\t<div class=\"elementor-column elementor-col-100 elementor-top-column elementor-element elementor-element-2cafb10\" data-id=\"2cafb10\" data-element_type=\"column\" data-e-type=\"column\">\n\t\t\t<div class=\"elementor-widget-wrap elementor-element-populated\">\n\t\t\t\t\t\t<div class=\"elementor-element elementor-element-a6251a7 elementor-widget elementor-widget-text-editor\" data-id=\"a6251a7\" data-element_type=\"widget\" data-e-type=\"widget\" data-widget_type=\"text-editor.default\">\n\t\t\t\t<div class=\"elementor-widget-container\">\n\t\t\t\t\t\t\t\t\t<p>En el aula virtual est\u00e1 publicada la gu\u00eda del <b>Trabajo Pr\u00e1ctico<\/b> de cierre de la <b>Unidad N\u00b0 1:\u00a0<\/b><\/p><ul><li>La ejecuci\u00f3n del presente trabajo debe ser realizada en modalidad <b>presencial localizada\u00a0<\/b>en el Gabinete de Computaci\u00f3n de la FAUD, en el d\u00eda de hoy<b> mi\u00e9rcoles 22 de Abril de 2026.<\/b><\/li><\/ul><ul><li>La forma de entrega es\u00a0a trav\u00e9s del<strong> Aula Virtual <\/strong>y el trabajo podr\u00e1 ser enviado hasta las <b>8<\/b>\u00a0<strong>hs<\/strong> del d\u00eda <span style=\"color: #333333;\"><b>mi\u00e9rcoles 29 <\/b><strong style=\"font-size: 16px; font-family: var( --e-global-typography-text-font-family ), Sans-serif;\">de abril de 2026.\u00a0<\/strong><\/span><\/li><\/ul>\t\t\t\t\t\t\t\t<\/div>\n\t\t\t\t<\/div>\n\t\t\t\t\t<\/div>\n\t\t<\/div>\n\t\t\t\t\t<\/div>\n\t\t<\/section>\n\t\t\t\t<section class=\"elementor-section elementor-top-section elementor-element elementor-element-e9d3b97 elementor-section-boxed elementor-section-height-default elementor-section-height-default\" data-id=\"e9d3b97\" data-element_type=\"section\" data-e-type=\"section\">\n\t\t\t\t\t\t<div class=\"elementor-container elementor-column-gap-default\">\n\t\t\t\t\t<div class=\"elementor-column elementor-col-100 elementor-top-column elementor-element elementor-element-1bb2681\" data-id=\"1bb2681\" data-element_type=\"column\" data-e-type=\"column\">\n\t\t\t<div class=\"elementor-widget-wrap elementor-element-populated\">\n\t\t\t\t\t\t<div class=\"elementor-element elementor-element-1284e43 elementor-widget-divider--view-line_text elementor-widget-divider--element-align-center elementor-widget elementor-widget-divider\" data-id=\"1284e43\" data-element_type=\"widget\" data-e-type=\"widget\" data-widget_type=\"divider.default\">\n\t\t\t\t<div class=\"elementor-widget-container\">\n\t\t\t\t\t\t\t<div class=\"elementor-divider\">\n\t\t\t<span class=\"elementor-divider-separator\">\n\t\t\t\t\t\t\t<span class=\"elementor-divider__text elementor-divider__element\">\n\t\t\t\t<b>\u00a1A trabajar!<\/b>\t\t\t\t<\/span>\n\t\t\t\t\t\t<\/span>\n\t\t<\/div>\n\t\t\t\t\t\t<\/div>\n\t\t\t\t<\/div>\n\t\t\t\t\t<\/div>\n\t\t<\/div>\n\t\t\t\t\t<\/div>\n\t\t<\/section>\n\t\t\t\t<section class=\"elementor-section elementor-top-section elementor-element elementor-element-bd44b13 elementor-section-boxed elementor-section-height-default elementor-section-height-default\" data-id=\"bd44b13\" data-element_type=\"section\" data-e-type=\"section\">\n\t\t\t\t\t\t<div class=\"elementor-container elementor-column-gap-default\">\n\t\t\t\t\t<div class=\"elementor-column elementor-col-100 elementor-top-column elementor-element elementor-element-41f0f59\" data-id=\"41f0f59\" data-element_type=\"column\" data-e-type=\"column\">\n\t\t\t<div class=\"elementor-widget-wrap elementor-element-populated\">\n\t\t\t\t\t\t<div class=\"elementor-element elementor-element-e39af66 elementor-alert-info elementor-widget elementor-widget-alert\" data-id=\"e39af66\" data-element_type=\"widget\" data-e-type=\"widget\" data-widget_type=\"alert.default\">\n\t\t\t\t<div class=\"elementor-widget-container\">\n\t\t\t\t\t\t\t<div class=\"elementor-alert\" role=\"alert\">\n\n\t\t\t\t\t\t<span class=\"elementor-alert-title\">TE RECORDAMOS ASPECTOS IMPORTANTES A TENER EN CUENTA  EN LA REALIZACI\u00d3N DEL TRABAJO PR\u00c1CTICO A ENTREGAR: <\/span>\n\t\t\t\n\t\t\t\n\t\t\t\n\t\t<\/div>\n\t\t\t\t\t\t<\/div>\n\t\t\t\t<\/div>\n\t\t\t\t\t<\/div>\n\t\t<\/div>\n\t\t\t\t\t<\/div>\n\t\t<\/section>\n\t\t\t\t<section class=\"elementor-section elementor-top-section elementor-element elementor-element-ca3e502 elementor-section-boxed elementor-section-height-default elementor-section-height-default\" data-id=\"ca3e502\" data-element_type=\"section\" data-e-type=\"section\">\n\t\t\t\t\t\t<div class=\"elementor-container elementor-column-gap-default\">\n\t\t\t\t\t<div class=\"elementor-column elementor-col-100 elementor-top-column elementor-element elementor-element-412a79a\" data-id=\"412a79a\" data-element_type=\"column\" data-e-type=\"column\">\n\t\t\t<div class=\"elementor-widget-wrap elementor-element-populated\">\n\t\t\t\t\t\t<div class=\"elementor-element elementor-element-5e818da elementor-widget elementor-widget-text-editor\" data-id=\"5e818da\" data-element_type=\"widget\" data-e-type=\"widget\" data-widget_type=\"text-editor.default\">\n\t\t\t\t<div class=\"elementor-widget-container\">\n\t\t\t\t\t\t\t\t\t<ul><li><strong>No se considerar\u00e1n entregas de estudiantes que no estuvieron presentes en el d\u00eda de la fecha <\/strong><strong>22\/4\/26<\/strong><span style=\"color: #333399;\"><b>\u00a0<\/b><\/span>(a menos que la inasistencia tenga justificaci\u00f3n avalada por la Instituci\u00f3n).\u00a0\u00a0<\/li><\/ul><ul><li>Le\u00e9 y analiz\u00e1 con tranquilidad las consignas. Ten\u00e9s tiempo suficiente para realizar el TP, y es recomendable que interpretes correctamente lo que se solicita. De esta forma, trabajar\u00e1s a conciencia y siendo productivo\/a.\u00a0<\/li><\/ul><ul><li>Durante la realizaci\u00f3n del Trabajo Pr\u00e1ctico pod\u00e9s realizar consultas, acceder al blog y dem\u00e1s recursos\/materiales.\u00a0<\/li><\/ul><ul><li>El peso final de cada archivo no debe superar los 5 MB. (Si envi\u00e1s ambos comprimidos en un solo archivo, este \u00faltimo tampoco debe superar este peso).<\/li><\/ul><ul><li>Record\u00e1 que, el objetivo de la generaci\u00f3n de los gr\u00e1ficos y del PDF, es que los datos de la tabla se puedan comunicar claramente. De manera deber\u00e1s incluir en tu gr\u00e1fico t\u00edtulos, etiquetas, tipograf\u00edas legibles, etc. Deber\u00e1s ser muy cuidadoso\/a en estos aspectos.<\/li><\/ul><ul><li><span style=\"color: #000080;\"><strong>\u00a1No olvidar!<\/strong> <\/span><strong>identificar el\/los archivos\u00a0 con apellido y nombre: tal como se indica en la gu\u00eda descargable desde el aula virtual.\u00a0<\/strong><\/li><\/ul>\t\t\t\t\t\t\t\t<\/div>\n\t\t\t\t<\/div>\n\t\t\t\t\t<\/div>\n\t\t<\/div>\n\t\t\t\t\t<\/div>\n\t\t<\/section>\n\t\t\t\t<section class=\"elementor-section elementor-top-section elementor-element elementor-element-0793d56 elementor-section-boxed elementor-section-height-default elementor-section-height-default\" data-id=\"0793d56\" data-element_type=\"section\" data-e-type=\"section\">\n\t\t\t\t\t\t<div class=\"elementor-container elementor-column-gap-default\">\n\t\t\t\t\t<div class=\"elementor-column elementor-col-100 elementor-top-column elementor-element elementor-element-be24483\" data-id=\"be24483\" data-element_type=\"column\" data-e-type=\"column\">\n\t\t\t<div class=\"elementor-widget-wrap elementor-element-populated\">\n\t\t\t\t\t\t<div class=\"elementor-element elementor-element-af48772 elementor-alert-info elementor-widget elementor-widget-alert\" data-id=\"af48772\" data-element_type=\"widget\" data-e-type=\"widget\" data-widget_type=\"alert.default\">\n\t\t\t\t<div class=\"elementor-widget-container\">\n\t\t\t\t\t\t\t<div class=\"elementor-alert\" role=\"alert\">\n\n\t\t\t\t\t\t<span class=\"elementor-alert-title\">\u00a1EXITOS EN TU TAREA!<\/span>\n\t\t\t\n\t\t\t\n\t\t\t\n\t\t<\/div>\n\t\t\t\t\t\t<\/div>\n\t\t\t\t<\/div>\n\t\t\t\t\t<\/div>\n\t\t<\/div>\n\t\t\t\t\t<\/div>\n\t\t<\/section>\n\t\t\t\t<\/div>\n\t\t","protected":false},"excerpt":{"rendered":"<p>Bienvenidos, bienvenidas al cuarto encuentro, en el que tendr\u00e1 lugar el Trabajo Pr\u00e1ctico N\u00b0 1 En el aula virtual est\u00e1 publicada la gu\u00eda del Trabajo Pr\u00e1ctico de cierre de la&#8230; <a href=\"https:\/\/www.arquirequisitoeninformatica.faud.unsj.edu.ar\/index.php\/clase-10\/\">Leer m\u00e1s &raquo;<\/a><\/p>\n","protected":false},"author":3,"featured_media":0,"parent":0,"menu_order":0,"comment_status":"closed","ping_status":"closed","template":"","meta":{"footnotes":""},"class_list":["post-989","page","type-page","status-publish","hentry"],"_links":{"self":[{"href":"https:\/\/www.arquirequisitoeninformatica.faud.unsj.edu.ar\/index.php\/wp-json\/wp\/v2\/pages\/989","targetHints":{"allow":["GET"]}}],"collection":[{"href":"https:\/\/www.arquirequisitoeninformatica.faud.unsj.edu.ar\/index.php\/wp-json\/wp\/v2\/pages"}],"about":[{"href":"https:\/\/www.arquirequisitoeninformatica.faud.unsj.edu.ar\/index.php\/wp-json\/wp\/v2\/types\/page"}],"author":[{"embeddable":true,"href":"https:\/\/www.arquirequisitoeninformatica.faud.unsj.edu.ar\/index.php\/wp-json\/wp\/v2\/users\/3"}],"replies":[{"embeddable":true,"href":"https:\/\/www.arquirequisitoeninformatica.faud.unsj.edu.ar\/index.php\/wp-json\/wp\/v2\/comments?post=989"}],"version-history":[{"count":282,"href":"https:\/\/www.arquirequisitoeninformatica.faud.unsj.edu.ar\/index.php\/wp-json\/wp\/v2\/pages\/989\/revisions"}],"predecessor-version":[{"id":7315,"href":"https:\/\/www.arquirequisitoeninformatica.faud.unsj.edu.ar\/index.php\/wp-json\/wp\/v2\/pages\/989\/revisions\/7315"}],"wp:attachment":[{"href":"https:\/\/www.arquirequisitoeninformatica.faud.unsj.edu.ar\/index.php\/wp-json\/wp\/v2\/media?parent=989"}],"curies":[{"name":"wp","href":"https:\/\/api.w.org\/{rel}","templated":true}]}}