{"id":6,"date":"2019-03-26T14:18:27","date_gmt":"2019-03-26T14:18:27","guid":{"rendered":"http:\/\/www.arquirequisitoeninformatica.faud.unsj.edu.ar\/?page_id=6"},"modified":"2026-04-06T22:51:55","modified_gmt":"2026-04-06T22:51:55","slug":"acerca-de","status":"publish","type":"page","link":"https:\/\/www.arquirequisitoeninformatica.faud.unsj.edu.ar\/","title":{"rendered":"Inicio"},"content":{"rendered":"\t\t<div data-elementor-type=\"wp-post\" data-elementor-id=\"6\" class=\"elementor elementor-6\">\n\t\t\t\t\t\t<section class=\"elementor-section elementor-top-section elementor-element elementor-element-394c062 elementor-section-boxed elementor-section-height-default elementor-section-height-default\" data-id=\"394c062\" data-element_type=\"section\" data-e-type=\"section\">\n\t\t\t\t\t\t<div class=\"elementor-container elementor-column-gap-default\">\n\t\t\t\t\t<div class=\"elementor-column elementor-col-100 elementor-top-column elementor-element elementor-element-a80d41f\" data-id=\"a80d41f\" data-element_type=\"column\" data-e-type=\"column\">\n\t\t\t<div class=\"elementor-widget-wrap elementor-element-populated\">\n\t\t\t\t\t\t<div class=\"elementor-element elementor-element-6c0c2f4 elementor-widget__width-initial elementor-alert-info elementor-widget elementor-widget-alert\" data-id=\"6c0c2f4\" data-element_type=\"widget\" data-e-type=\"widget\" data-widget_type=\"alert.default\">\n\t\t\t\t<div class=\"elementor-widget-container\">\n\t\t\t\t\t\t\t<div class=\"elementor-alert\" role=\"alert\">\n\n\t\t\t\t\t\t<span class=\"elementor-alert-title\">Presentaci\u00f3n del Curso de Apoyo (1 de abril de 2026)<\/span>\n\t\t\t\n\t\t\t\n\t\t\t\t\t\t<button type=\"button\" class=\"elementor-alert-dismiss\" aria-label=\"Descartar esta alerta.\">\n\t\t\t\t\t\t\t\t\t<span aria-hidden=\"true\">&times;<\/span>\n\t\t\t\t\t\t\t<\/button>\n\t\t\t\n\t\t<\/div>\n\t\t\t\t\t\t<\/div>\n\t\t\t\t<\/div>\n\t\t\t\t\t<\/div>\n\t\t<\/div>\n\t\t\t\t\t<\/div>\n\t\t<\/section>\n\t\t\t\t<section class=\"elementor-section elementor-top-section elementor-element elementor-element-e157292 elementor-section-boxed elementor-section-height-default elementor-section-height-default\" data-id=\"e157292\" data-element_type=\"section\" data-e-type=\"section\">\n\t\t\t\t\t\t<div class=\"elementor-container elementor-column-gap-default\">\n\t\t\t\t\t<div class=\"elementor-column elementor-col-100 elementor-top-column elementor-element elementor-element-9f979de\" data-id=\"9f979de\" data-element_type=\"column\" data-e-type=\"column\">\n\t\t\t<div class=\"elementor-widget-wrap elementor-element-populated\">\n\t\t\t\t\t\t<div class=\"elementor-element elementor-element-d81a5d0 elementor-widget elementor-widget-text-editor\" data-id=\"d81a5d0\" data-element_type=\"widget\" data-e-type=\"widget\" data-widget_type=\"text-editor.default\">\n\t\t\t\t<div class=\"elementor-widget-container\">\n\t\t\t\t\t\t\t\t\t<p style=\"text-align: center;\">Desde este acceso, podr\u00e1s acceder a la grabaci\u00f3n de la presentaci\u00f3n realizada el pasado mi\u00e9rcoles 1 de abril de 2026, en el que presentamos las modalidades disponibles para aprobar la Prueba de Suficiencia en Inform\u00e1tica (Requisito de Inform\u00e1tica).<\/p><p style=\"text-align: center;\"><a href=\"https:\/\/scalelite.unsj.edu.ar\/playback\/presentation\/2.3\/e99e63eae5c4fff036c7dacbc3b1604dfdbbf114-1775043020377\/\" target=\"_blank\" rel=\"noopener\"><strong>Ver grabaci\u00f3n de la presentaci\u00f3n.\u00a0\u00a0<\/strong><\/a><\/p>\t\t\t\t\t\t\t\t<\/div>\n\t\t\t\t<\/div>\n\t\t\t\t\t<\/div>\n\t\t<\/div>\n\t\t\t\t\t<\/div>\n\t\t<\/section>\n\t\t\t\t<section class=\"elementor-section elementor-top-section elementor-element elementor-element-806461a elementor-section-boxed elementor-section-height-default elementor-section-height-default\" data-id=\"806461a\" data-element_type=\"section\" data-e-type=\"section\">\n\t\t\t\t\t\t<div class=\"elementor-container elementor-column-gap-default\">\n\t\t\t\t\t<div class=\"elementor-column elementor-col-100 elementor-top-column elementor-element elementor-element-c073baf\" data-id=\"c073baf\" data-element_type=\"column\" data-e-type=\"column\">\n\t\t\t<div class=\"elementor-widget-wrap elementor-element-populated\">\n\t\t\t\t\t\t<div class=\"elementor-element elementor-element-e77e42a elementor-widget-divider--view-line elementor-widget elementor-widget-divider\" data-id=\"e77e42a\" data-element_type=\"widget\" data-e-type=\"widget\" data-widget_type=\"divider.default\">\n\t\t\t\t<div class=\"elementor-widget-container\">\n\t\t\t\t\t\t\t<div class=\"elementor-divider\">\n\t\t\t<span class=\"elementor-divider-separator\">\n\t\t\t\t\t\t<\/span>\n\t\t<\/div>\n\t\t\t\t\t\t<\/div>\n\t\t\t\t<\/div>\n\t\t\t\t<div class=\"elementor-element elementor-element-50af383d elementor-widget__width-auto elementor-widget elementor-widget-text-editor\" data-id=\"50af383d\" data-element_type=\"widget\" data-e-type=\"widget\" data-widget_type=\"text-editor.default\">\n\t\t\t\t<div class=\"elementor-widget-container\">\n\t\t\t\t\t\t\t\t\t<p><strong>\u00a1\u00a1Bienvenidos, Bienvenidas!!<\/strong>\u00a0<\/p><h5>E<span style=\"font-weight: normal;\">ste es el Blog de la <strong>Prueba de Suficiencia en Inform\u00e1tica<\/strong> para la carrera de<strong> Arquitectura y Urbanismo de la FAUD<\/strong> UNSJ.\u00a0<span style=\"color: var( --e-global-color-text ); font-family: var( --e-global-typography-text-font-family ), Sans-serif; font-size: 14px;\">En cada una de las pesta\u00f1as de este sitio encontrar\u00e1s informaci\u00f3n acerca de las modalidades con las que se puede cumplir con la Prueba de Suficiencia en Inform\u00e1tica seg\u00fan lo establecido por el Plan de Estudios vigente de la carrera Arquitectura y Urbanismo, incluyendo: contenidos requeridos para el examen,\u00a0 informaci\u00f3n sobre el desarrollo del curso de apoyo y forma de realizaci\u00f3n de la prueba. <\/span><span style=\"color: var( --e-global-color-text ); font-family: var( --e-global-typography-text-font-family ), Sans-serif; font-size: 14px;\">As\u00ed como tambi\u00e9n bibliograf\u00eda espec\u00edfica y links a diversos tutoriales.<\/span><\/span><span style=\"color: var( --e-global-color-text ); font-family: var( --e-global-typography-text-font-family ), Sans-serif; font-size: 14px; font-weight: var( --e-global-typography-text-font-weight );\">\u00a0<\/span><span style=\"color: var( --e-global-color-text ); font-family: var( --e-global-typography-text-font-family ), Sans-serif; font-size: 14px; font-weight: normal;\">Desde aqu\u00ed podr\u00e1s:\u00a0<\/span><\/h5><ul><li class=\"has-small-font-size\"><h4><b>Contar con una v\u00eda de comunicaci\u00f3n directa con el equipo de docentes de la FAUD a cargo de la Prueba de Suficiencia en Inform\u00e1tica y Curso de\u00a0 Apoyo.\u00a0\u00a0<\/b><\/h4><\/li><\/ul><ul><li class=\"has-small-font-size\"><h4><b>Enviar comentarios o consultas, desde el formulario para tal fin,\u00a0 que encontrar\u00e1s al\u00a0 final de esta misma p\u00e1gina.<\/b><\/h4><\/li><\/ul><ul><li class=\"has-small-font-size\"><h4><b>Acceder a las clases y ejercicios previstos para que puedas prepararte para la Prueba de Suficiencia, durante todo el ciclo lectivo, desde la pesta\u00f1a<\/b>\u00a0<b><a href=\"https:\/\/www.arquirequisitoeninformatica.faud.unsj.edu.ar\/index.php\/curso-de-apoyo\/\" target=\"_blank\" rel=\"noopener\">Curso de Apoyo<\/a>.<\/b><\/h4><\/li><\/ul><ul><li class=\"has-small-font-size\"><h4><b>Si no deseas realizar el curso pero est\u00e1s interesado\/a en rendir en mesa de examen, podr\u00e1s conocer la modalidad de la Prueba de Suficiencia en Inform\u00e1tica desde la pesta\u00f1a <\/b><a href=\"https:\/\/www.arquirequisitoeninformatica.faud.unsj.edu.ar\/index.php\/modalidades-de-la-prueba\/\" target=\"_blank\" rel=\"noopener\"><b>\u00abPrueba de Suficiencia\u00bb.\u00a0<\/b><\/a><\/h4><\/li><li class=\"has-small-font-size\"><h4><b>Solicitar una sesi\u00f3n de consulta, completando el formulario disponible en la pesta\u00f1a <\/b><a href=\"https:\/\/www.arquirequisitoeninformatica.faud.unsj.edu.ar\/index.php\/consultas\/\" target=\"_blank\" rel=\"noopener\"><strong>\u00abConsultas\u00bb<\/strong>.<\/a><\/h4><\/li><\/ul><p><!-- \/wp:paragraph --><\/p>\t\t\t\t\t\t\t\t<\/div>\n\t\t\t\t<\/div>\n\t\t\t\t\t<\/div>\n\t\t<\/div>\n\t\t\t\t\t<\/div>\n\t\t<\/section>\n\t\t\t\t<section class=\"elementor-section elementor-top-section elementor-element elementor-element-db0bc85 elementor-section-boxed elementor-section-height-default elementor-section-height-default\" data-id=\"db0bc85\" data-element_type=\"section\" data-e-type=\"section\">\n\t\t\t\t\t\t<div class=\"elementor-container elementor-column-gap-default\">\n\t\t\t\t\t<div class=\"elementor-column elementor-col-100 elementor-top-column elementor-element elementor-element-8eca643\" data-id=\"8eca643\" data-element_type=\"column\" data-e-type=\"column\">\n\t\t\t<div class=\"elementor-widget-wrap\">\n\t\t\t\t\t\t\t<\/div>\n\t\t<\/div>\n\t\t\t\t\t<\/div>\n\t\t<\/section>\n\t\t\t\t<section class=\"elementor-section elementor-top-section elementor-element elementor-element-35a5dd0 elementor-section-boxed elementor-section-height-default elementor-section-height-default\" data-id=\"35a5dd0\" data-element_type=\"section\" data-e-type=\"section\">\n\t\t\t\t\t\t<div class=\"elementor-container elementor-column-gap-default\">\n\t\t\t\t\t<div class=\"elementor-column elementor-col-100 elementor-top-column elementor-element elementor-element-13779df\" data-id=\"13779df\" data-element_type=\"column\" data-e-type=\"column\">\n\t\t\t<div class=\"elementor-widget-wrap elementor-element-populated\">\n\t\t\t\t\t\t<div class=\"elementor-element elementor-element-265e82c elementor-alert-success elementor-widget elementor-widget-alert\" data-id=\"265e82c\" data-element_type=\"widget\" data-e-type=\"widget\" data-widget_type=\"alert.default\">\n\t\t\t\t<div class=\"elementor-widget-container\">\n\t\t\t\t\t\t\t<div class=\"elementor-alert\" role=\"alert\">\n\n\t\t\t\t\t\t<span class=\"elementor-alert-title\">Sobre los software empleados en el Curso de Apoyo (ed. 2026): <\/span>\n\t\t\t\n\t\t\t\t\t\t<span class=\"elementor-alert-description\">\n <\/span>\n\t\t\t\n\t\t\t\n\t\t<\/div>\n\t\t\t\t\t\t<\/div>\n\t\t\t\t<\/div>\n\t\t\t\t<div class=\"elementor-element elementor-element-c4b4f83 elementor-widget elementor-widget-text-editor\" data-id=\"c4b4f83\" data-element_type=\"widget\" data-e-type=\"widget\" data-widget_type=\"text-editor.default\">\n\t\t\t\t<div class=\"elementor-widget-container\">\n\t\t\t\t\t\t\t\t\t<p><span style=\"font-size: 16px; color: var( --e-global-color-text ); font-family: var( --e-global-typography-text-font-family ); font-weight: var( --e-global-typography-text-font-weight );\">A quienes est\u00e9n interesados\/as\u00a0en iniciar el Curso de Apoyo , les sugerimos acceder e ir descargando e instalando los software que a continuaci\u00f3n se detallan:<\/span><\/p>\n<ul>\n<li style=\"margin-left: 1.71429rem;\"><span style=\"color: #808080;\"><a style=\"font-size: 16px; font-family: var( --e-global-typography-text-font-family ); font-weight: var( --e-global-typography-text-font-weight ); color: #808080;\" href=\"https:\/\/www.openoffice.org\/es\/descargar\/\" target=\"_blank\" rel=\"noopener\"><strong>Open Office<\/strong><\/a><span style=\"font-size: 16px; font-family: var( --e-global-typography-text-font-family ); font-weight: var( --e-global-typography-text-font-weight );\"><span style=\"color: #808080;\">\u00a0<\/span>que incluye \u00abCalc\u00bb como gestor de planillas de c\u00e1lculo.<\/span><\/span><\/li>\n<li style=\"margin-left: 1.71429rem;\"><span style=\"color: #808080;\"><strong><a style=\"color: #808080;\" href=\"https:\/\/www.sketchup.com\/es\/plans-and-pricing\/sketchup-free\" target=\"_blank\" rel=\"noopener\">Sketch Up Web <\/a><\/strong><\/span>para modelos tridimensionales.<\/li>\n<li style=\"margin-left: 1.71429rem;\"><span style=\"color: #808080;\"><strong>Software\u00a0<a style=\"font-size: 16px; font-family: var( --e-global-typography-text-font-family ); color: #808080;\" href=\"https:\/\/librecad.org\/#download\" target=\"_blank\" rel=\"noopener\">CAD<\/a> <\/strong><span style=\"font-family: var( --e-global-typography-text-font-family ); font-size: 16px; font-weight: var( --e-global-typography-text-font-weight );\">(software open source y\/o privativo en condiciones de legalidad) para los modelos 2D.<\/span><\/span><\/li>\n<\/ul>\t\t\t\t\t\t\t\t<\/div>\n\t\t\t\t<\/div>\n\t\t\t\t\t<\/div>\n\t\t<\/div>\n\t\t\t\t\t<\/div>\n\t\t<\/section>\n\t\t\t\t<section class=\"elementor-section elementor-top-section elementor-element elementor-element-17c80ee elementor-section-boxed elementor-section-height-default elementor-section-height-default\" data-id=\"17c80ee\" data-element_type=\"section\" data-e-type=\"section\">\n\t\t\t\t\t\t<div class=\"elementor-container elementor-column-gap-default\">\n\t\t\t\t\t<div class=\"elementor-column elementor-col-100 elementor-top-column elementor-element elementor-element-731f384\" data-id=\"731f384\" data-element_type=\"column\" data-e-type=\"column\">\n\t\t\t<div class=\"elementor-widget-wrap elementor-element-populated\">\n\t\t\t\t\t\t<div class=\"elementor-element elementor-element-86e54fc elementor-widget-divider--view-line elementor-widget elementor-widget-divider\" data-id=\"86e54fc\" data-element_type=\"widget\" data-e-type=\"widget\" data-widget_type=\"divider.default\">\n\t\t\t\t<div class=\"elementor-widget-container\">\n\t\t\t\t\t\t\t<div class=\"elementor-divider\">\n\t\t\t<span class=\"elementor-divider-separator\">\n\t\t\t\t\t\t<\/span>\n\t\t<\/div>\n\t\t\t\t\t\t<\/div>\n\t\t\t\t<\/div>\n\t\t\t\t\t<\/div>\n\t\t<\/div>\n\t\t\t\t\t<\/div>\n\t\t<\/section>\n\t\t\t\t<\/div>\n\t\t","protected":false},"excerpt":{"rendered":"<p>Presentaci\u00f3n del Curso de Apoyo (1 de abril de 2026) &times; Desde este acceso, podr\u00e1s acceder a la grabaci\u00f3n de la presentaci\u00f3n realizada el pasado mi\u00e9rcoles 1 de abril de&#8230; <a href=\"https:\/\/www.arquirequisitoeninformatica.faud.unsj.edu.ar\/\">Leer m\u00e1s &raquo;<\/a><\/p>\n","protected":false},"author":3,"featured_media":0,"parent":0,"menu_order":0,"comment_status":"open","ping_status":"closed","template":"","meta":{"footnotes":""},"class_list":["post-6","page","type-page","status-publish","hentry"],"_links":{"self":[{"href":"https:\/\/www.arquirequisitoeninformatica.faud.unsj.edu.ar\/index.php\/wp-json\/wp\/v2\/pages\/6","targetHints":{"allow":["GET"]}}],"collection":[{"href":"https:\/\/www.arquirequisitoeninformatica.faud.unsj.edu.ar\/index.php\/wp-json\/wp\/v2\/pages"}],"about":[{"href":"https:\/\/www.arquirequisitoeninformatica.faud.unsj.edu.ar\/index.php\/wp-json\/wp\/v2\/types\/page"}],"author":[{"embeddable":true,"href":"https:\/\/www.arquirequisitoeninformatica.faud.unsj.edu.ar\/index.php\/wp-json\/wp\/v2\/users\/3"}],"replies":[{"embeddable":true,"href":"https:\/\/www.arquirequisitoeninformatica.faud.unsj.edu.ar\/index.php\/wp-json\/wp\/v2\/comments?post=6"}],"version-history":[{"count":1153,"href":"https:\/\/www.arquirequisitoeninformatica.faud.unsj.edu.ar\/index.php\/wp-json\/wp\/v2\/pages\/6\/revisions"}],"predecessor-version":[{"id":7252,"href":"https:\/\/www.arquirequisitoeninformatica.faud.unsj.edu.ar\/index.php\/wp-json\/wp\/v2\/pages\/6\/revisions\/7252"}],"wp:attachment":[{"href":"https:\/\/www.arquirequisitoeninformatica.faud.unsj.edu.ar\/index.php\/wp-json\/wp\/v2\/media?parent=6"}],"curies":[{"name":"wp","href":"https:\/\/api.w.org\/{rel}","templated":true}]}}