{"id":14,"date":"2019-03-26T14:20:32","date_gmt":"2019-03-26T14:20:32","guid":{"rendered":"http:\/\/www.arquirequisitoeninformatica.faud.unsj.edu.ar\/?page_id=14"},"modified":"2020-10-09T14:34:56","modified_gmt":"2020-10-09T14:34:56","slug":"material-didactico","status":"publish","type":"page","link":"https:\/\/www.arquirequisitoeninformatica.faud.unsj.edu.ar\/index.php\/material-didactico\/","title":{"rendered":"Otros"},"content":{"rendered":"\t\t<div data-elementor-type=\"wp-post\" data-elementor-id=\"14\" class=\"elementor elementor-14\">\n\t\t\t\t\t\t<section class=\"elementor-section elementor-top-section elementor-element elementor-element-1141da6c elementor-section-boxed elementor-section-height-default elementor-section-height-default\" data-id=\"1141da6c\" data-element_type=\"section\" data-e-type=\"section\">\n\t\t\t\t\t\t<div class=\"elementor-container elementor-column-gap-default\">\n\t\t\t\t\t<div class=\"elementor-column elementor-col-100 elementor-top-column elementor-element elementor-element-245925ff\" data-id=\"245925ff\" data-element_type=\"column\" data-e-type=\"column\">\n\t\t\t<div class=\"elementor-widget-wrap elementor-element-populated\">\n\t\t\t\t\t\t<div class=\"elementor-element elementor-element-4e982ddc elementor-widget elementor-widget-text-editor\" data-id=\"4e982ddc\" data-element_type=\"widget\" data-e-type=\"widget\" data-widget_type=\"text-editor.default\">\n\t\t\t\t<div class=\"elementor-widget-container\">\n\t\t\t\t\t\t\t\t\t<p><\/p>\n<p>Hemos ordenado la bibliograf\u00eda de acuerdo con el programa del Requisito. En la primera secci\u00f3n de cada unidad te ofrecemos una serie de documentos en formato pdf que puedes descargar haciendo click sobre los botones correspondientes (adem\u00e1s hemos incluido la direcci\u00f3n de la que fueron recuperados por si te interesa descargarlos desde el link original).\u00a0 Estos documentos han sido seleccionados por la C\u00e1tedra del Requisito en funci\u00f3n de su pertinencia para complementar y\/o suplir las clases del Curso de Apoyo.\u00a0\u00a0En una segunda secci\u00f3n vas a encontrar links a video tutoriales de youtube.\u00a0 Estos videos han sido valorados y seleccionados en funci\u00f3n de su contribuci\u00f3n potencial a la construcci\u00f3n de conocimiento sobre el manejo de los programas.<\/p>\n<p><\/p>\n<p class=\"has-background has-huge-font-size has-theme-color-background-color\"><strong>Introducci\u00f3n<\/strong><\/p>\n<p><\/p>\n<h3 class=\"wp-block-heading\"><strong>1- Software libre para una sociedad libre (Cap\u00edtulo 3 p. 59-62)<\/strong><\/h3>\n<p><\/p>\n<h5 class=\"wp-block-heading\">Autor: Richard Stallman\u00a0 \u00a0 \u00a0 \u00a0 \u00a0 \u00a0 \u00a0 \u00a0 \u00a0 \u00a0 \u00a0 \u00a0 \u00a0 \u00a0 \u00a0 \u00a0 \u00a0 \u00a0 \u00a0 \u00a0 \u00a0 \u00a0 \u00a0 \u00a0 \u00a0 \u00a0 \u00a0 \u00a0 \u00a0 \u00a0 \u00a0 A\u00f1o: 2004<\/h5>\n<p><\/p>\n<h5 class=\"wp-block-heading\"><a href=\"https:\/\/www.gnu.org\/philosophy\/fsfs\/free_software.es.pdf\" target=\"_blank\" rel=\"noopener\">Clic aqu\u00ed para acceder a la URL de la fuente\u00a0\u00a0<\/a> \u00a0 \u00a0 \u00a0 \u00a0 \u00a0 \u00a0 \u00a0 \u00a0 \u00a0 \u00a0 \u00a0 \u00a0 \u00a0 \u00a0 \u00a0 \u00a0 \u00a0 \u00a0 \u00a0\u00a0<\/h5>\n<p><\/p>\n<p>Este art\u00edculo ofrece una excelente explicaci\u00f3n de lo que es el software libre y las consecuencias de su empleo.<\/p>\n<div id=\"attachment_54\" style=\"width: 70px\" class=\"wp-caption alignnone\"><a href=\"http:\/\/www.arquirequisitoeninformatica.faud.unsj.edu.ar\/wp-content\/uploads\/2019\/03\/stallman-free_software.es_.pdf\" target=\"_blank\" rel=\"noopener\"><img decoding=\"async\" aria-describedby=\"caption-attachment-54\" class=\"size-full wp-image-54\" src=\"http:\/\/www.arquirequisitoeninformatica.faud.unsj.edu.ar\/wp-content\/uploads\/2019\/03\/acroicono.gif\" alt=\"\" width=\"60\" height=\"60\" \/><\/a><p id=\"caption-attachment-54\" class=\"wp-caption-text\">Descargar PDF<\/p><\/div>\n<p><\/p>\n<h3 class=\"wp-block-heading\"><strong>2- Modelado param\u00e9trico 3d, render y animaci\u00f3n con software libre<\/strong><\/h3>\n<p><\/p>\n<h5 class=\"wp-block-heading\">Autor: Rub\u00e9n Moreli,\u00a0 Hern\u00e1n\u00a0 Pangia Ctenas y Luis Nieva \u00a0 \u00a0 \u00a0 \u00a0 \u00a0 \u00a0 \u00a0 \u00a0 \u00a0 \u00a0 \u00a0 \u00a0 \u00a0 \u00a0 \u00a0 \u00a0 \u00a0 \u00a0 \u00a0 \u00a0 \u00a0 \u00a0 \u00a0 \u00a0 \u00a0 \u00a0 \u00a0 \u00a0A\u00f1o: 2015<\/h5>\n<p><\/p>\n<p class=\"has-small-font-size\"><a href=\"http:\/\/www.aproged.pt\/geg2015proceedings.html\" target=\"_blank\" rel=\"noopener\">Clic aqu\u00ed para acceder a la URL de la fuente<\/a>\u00a0<\/p>\n<p><\/p>\n<p>Los autores de este art\u00edculo se proponen desacreditar algunos mitos sobre el Software Libre. Para ello explican su experiencia como profesores y usuarios finales, de dos programas en particular. \u00a0Es interesante la metodolog\u00eda de an\u00e1lisis que emplean porque puede ser aplicada a la comparaci\u00f3n de otros programas CAD.<\/p>\n<div id=\"attachment_54\" style=\"width: 70px\" class=\"wp-caption alignnone\"><a href=\"http:\/\/www.arquirequisitoeninformatica.faud.unsj.edu.ar\/wp-content\/uploads\/2019\/03\/ENSENAR-UTILIZANDO-PROGRAMAS-CAD-GRATUITOS.pdf\" target=\"_blank\" rel=\"noopener\"><img decoding=\"async\" aria-describedby=\"caption-attachment-54\" class=\"size-full wp-image-54\" src=\"http:\/\/www.arquirequisitoeninformatica.faud.unsj.edu.ar\/wp-content\/uploads\/2019\/03\/acroicono.gif\" alt=\"\" width=\"60\" height=\"60\" \/><\/a><p id=\"caption-attachment-54\" class=\"wp-caption-text\">Descargar PDF<\/p><\/div>\n<div>\u00a0<\/div>\n<div>\u00a0<\/div>\n<h3>3- Software Libre para dise\u00f1ar<\/h3>\n<p>Autor:\u00a0 \u00a0Joaqu\u00edn Eduardo Sanchez Mercado &#8211; ForoAlfa\u00a0 \u00a0 \u00a0 \u00a0 \u00a0 \u00a0 \u00a0 \u00a0 \u00a0 \u00a0 A\u00f1o:\u00a0 2012<\/p>\n<p><a href=\"https:\/\/foroalfa.org\/articulos\/software-libre-para-disenar\" target=\"_blank\" rel=\"noopener\">Clic aqu\u00ed para acceder a la URL de la fuente<\/a><\/p>\n<p>En este art\u00edculo el autor aborda el concepto e historia del software libre y planteque es posible su empleo\u00a0 en el \u00e1mbito de las disciplinas proyectuales.\u00a0<\/p>\n<div id=\"attachment_54\" style=\"width: 70px\" class=\"wp-caption alignnone\"><a href=\"http:\/\/www.arquirequisitoeninformatica.faud.unsj.edu.ar\/wp-content\/uploads\/2020\/10\/Software-libre-para-disenar-_-FOROALFA.pdf\" target=\"_blank\" rel=\"noopener\"><img decoding=\"async\" aria-describedby=\"caption-attachment-54\" class=\"size-full wp-image-54\" src=\"http:\/\/www.arquirequisitoeninformatica.faud.unsj.edu.ar\/wp-content\/uploads\/2019\/03\/acroicono.gif\" alt=\"\" width=\"60\" height=\"60\" \/><\/a><p id=\"caption-attachment-54\" class=\"wp-caption-text\">Descargar PDF<\/p><\/div>\n<div class=\"wp-block-button\">\u00a0<\/div>\n<h3>4- Software libre: t\u00e9cnicamente viable, econ\u00f3micamente sostenible y socialmente justo<\/h3>\n<p>Autor: Jordi Mas i Hern\u00e0ndez\u00a0 \u00a0 \u00a0A\u00f1o: 2005<\/p>\n<p>El autor de este libro, expone con m\u00faltiples y s\u00f3lidos argumentos, que el modelo del software libre\u00a0 es an\u00e1logo al modelo colaborativo con el que la ciencia y la tecnolog\u00eda generan y comparten\u00a0 el conocimiento a partir de la comunidad.\u00a0<\/p>\n<div id=\"attachment_54\" style=\"width: 70px\" class=\"wp-caption alignnone\"><a href=\"http:\/\/www.arquirequisitoeninformatica.faud.unsj.edu.ar\/wp-content\/uploads\/2020\/10\/Jordi-Mas-i-Hernandez-Software-libretecnicamente-viable.pdf\" target=\"_blank\" rel=\"noopener\"><img decoding=\"async\" aria-describedby=\"caption-attachment-54\" class=\"size-full wp-image-54\" src=\"http:\/\/www.arquirequisitoeninformatica.faud.unsj.edu.ar\/wp-content\/uploads\/2019\/03\/acroicono.gif\" alt=\"\" width=\"60\" height=\"60\" \/><\/a><p id=\"caption-attachment-54\" class=\"wp-caption-text\">Descargar PDF<\/p><\/div>\n<p><\/p>\n<p class=\"has-background has-huge-font-size has-theme-color-background-color\" style=\"text-align: center;\"><strong>Unidad 1<\/strong><\/p>\n<p><\/p>\n<h3 class=\"wp-block-heading\"><strong>1-\u00a0Tutorial de Sketchup\u00a0<\/strong><\/h3>\n<p><\/p>\n<p>Autor:\u00a0 \u00a0Ministerio de Educaci\u00f3n del Gobierno de la ciudad Aut\u00f3noma de Buenos Aires\u00a0 \u00a0A\u00f1o: S\/F<\/p>\n<p><\/p>\n<p class=\"has-small-font-size\">URL:\u00a0 \u00a0\u00a0<a href=\"https:\/\/contenedor-digital.buenosaires.gob.ar\/%E2%80%A6\/6dc728-tutorial-google-sketchup.pdf%C2%A0\">https:\/\/contenedor-digital.buenosaires.gob.ar\/\u2026\/6dc728-tutorial-google-sketchup.pdf\u00a0<\/a> \u00a0 \u00a0 \u00a0 \u00a0 \u00a0 \u00a0 \u00a0 \u00a0 \u00a0 \u00a0 \u00a0 \u00a0 \u00a0 \u00a0 \u00a0 \u00a0 \u00a0 \u00a0 \u00a0 \u00a0 \u00a0 \u00a0 \u00a0 \u00a0 \u00a0 \u00a0 \u00a0 \u00a0 \u00a0 \u00a0 \u00a0 \u00a0 \u00a0 \u00a0 \u00a0 \u00a0 \u00a0 \u00a0 \u00a0 \u00a0 \u00a0 \u00a0 \u00a0<\/p>\n<p><\/p>\n<p>Este es un manual muy completo de Sketchup 8.<\/p>\n<p><\/p>\n<div class=\"wp-block-button\"><a class=\"wp-block-button__link\" href=\"http:\/\/190.124.224.150\/cursowp\/www.arquirequisitoeninformatica.faud.unsj.edu.ar\/wp-content\/uploads\/2019\/03\/u1-mineduc-caba.pdf\">descargar pdf<\/a><\/div>\n<p><\/p>\n<h3 class=\"wp-block-heading\"><strong>2-\u00a0Tutorial paso a paso de Sketchup<\/strong><\/h3>\n<p><\/p>\n<p>Autor:\u00a0 \u00a0 Teresa Monz\u00f3\u00a0 \u00a0 \u00a0 \u00a0 \u00a0 \u00a0 \u00a0 \u00a0 \u00a0 \u00a0 \u00a0 \u00a0 \u00a0 \u00a0 \u00a0 \u00a0 \u00a0 \u00a0 \u00a0 \u00a0 \u00a0 \u00a0 \u00a0 \u00a0 \u00a0 A\u00f1o: 2017<\/p>\n<p><\/p>\n<p class=\"has-small-font-size\">URL:\u00a0 \u00a0<a href=\"http:\/\/www.portaldecorares.com\/blog\/wp-content\/uploads\/2017\/02\/primeros_pasos_parte_1_tutorial_Sketchup_1.pdf\" target=\"_blank\" rel=\"noreferrer noopener\">http:\/\/www.portaldecorares.com\/blog\/wp-content\/uploads\/2017\/02\/primeros_pasos_parte_1_tutorial_Sketchup_1.pdf \u00a0 \u00a0 \u00a0 \u00a0 \u00a0<\/a>\u00a0\u00a0 \u00a0 \u00a0 \u00a0 \u00a0 \u00a0 \u00a0 \u00a0 \u00a0 \u00a0 \u00a0 \u00a0 \u00a0 \u00a0 \u00a0 \u00a0 \u00a0 \u00a0 \u00a0 \u00a0 \u00a0 \u00a0 \u00a0 \u00a0 \u00a0 \u00a0 \u00a0 \u00a0 \u00a0 \u00a0 \u00a0 \u00a0 \u00a0 \u00a0 \u00a0 \u00a0 \u00a0 \u00a0 \u00a0 \u00a0 \u00a0 \u00a0 \u00a0<\/p>\n<p><\/p>\n<p>Este es un tutorial en el que se gu\u00eda el uso del programa para generar la decoraci\u00f3n de un ambiente.<\/p>\n<p><\/p>\n<div class=\"wp-block-button\"><a class=\"wp-block-button__link\" href=\"http:\/\/190.124.224.150\/cursowp\/www.arquirequisitoeninformatica.faud.unsj.edu.ar\/wp-content\/uploads\/2019\/03\/u1-monzo.pdf\">descargar pdf<\/a><\/div>\n<p><\/p>\n<h3 class=\"wp-block-heading\"><strong>3- Introducci\u00f3n al Google Sketchup<\/strong><\/h3>\n<p><\/p>\n<p>Autor:\u00a0 \u00a0Pedro Land\u00edn\u00a0 \u00a0 \u00a0 \u00a0 \u00a0 \u00a0 \u00a0 \u00a0 \u00a0 \u00a0 \u00a0 \u00a0 \u00a0 \u00a0 \u00a0 \u00a0 \u00a0 \u00a0 \u00a0 \u00a0 \u00a0 \u00a0 \u00a0 \u00a0 \u00a0 \u00a0A\u00f1o: 2015<\/p>\n<p><\/p>\n<p class=\"has-small-font-size\">URL:\u00a0 \u00a0 \u00a0 \u00a0<a href=\"http:\/\/www.tallertecno.com\/sketchup\/Manual-ejercicios-Sketchup.pdf\">http:\/\/www.tallertecno.com\/sketchup\/Manual-ejercicios-Sketchup.pdf<\/a><\/p>\n<p><\/p>\n<p>Este es un documento preparado para la ense\u00f1anza en escuela secundaria\u00a0 en Espa\u00f1a. Ofrece una introducci\u00f3n breve al programa.\u00a0 \u00a0 \u00a0 \u00a0 \u00a0 \u00a0 \u00a0 \u00a0 \u00a0 \u00a0 \u00a0 \u00a0 \u00a0 \u00a0 \u00a0 \u00a0 \u00a0 \u00a0 \u00a0 \u00a0 \u00a0 \u00a0 \u00a0 \u00a0 \u00a0 \u00a0 \u00a0 \u00a0 \u00a0 \u00a0 \u00a0 \u00a0 \u00a0 \u00a0 \u00a0 \u00a0<\/p>\n<p><\/p>\n<div class=\"wp-block-button\"><a class=\"wp-block-button__link\" href=\"http:\/\/190.124.224.150\/cursowp\/www.arquirequisitoeninformatica.faud.unsj.edu.ar\/wp-content\/uploads\/2019\/03\/u1-landin.pdf\">descargar pdf<\/a><\/div>\n<p><\/p>\n<h3 class=\"wp-block-heading\"><strong>4-\u00a0Pr\u00e1cticas de Sketchup\u00a0<\/strong><\/h3>\n<p><\/p>\n<p>Autor:\u00a0 \u00a0sin datos\u00a0 \u00a0 \u00a0 \u00a0 \u00a0 \u00a0 \u00a0 \u00a0 \u00a0 \u00a0 \u00a0 \u00a0 \u00a0 \u00a0 \u00a0 \u00a0 \u00a0 \u00a0 \u00a0 \u00a0 \u00a0 \u00a0 \u00a0 \u00a0 \u00a0 \u00a0A\u00f1o: 2014<\/p>\n<p><\/p>\n<p class=\"has-small-font-size\">URL:\u00a0 \u00a0\u00a0<a href=\"https:\/\/instecnogadget.files.wordpress.com\/2015\/10\/bateria-ex-sketchup-1314.pdf\">https:\/\/instecnogadget.files.wordpress.com\/2015\/10\/bateria-ex-sketchup-1314.pdf<\/a><\/p>\n<p><\/p>\n<p>En este documento vas a encontrar ejercicios guiados en el programa, uno de ellos para construir una silla y otro para modelar una ca\u00f1er\u00eda.\u00a0 \u00a0 \u00a0 \u00a0 \u00a0 \u00a0 \u00a0 \u00a0 \u00a0 \u00a0 \u00a0 \u00a0 \u00a0 \u00a0 \u00a0 \u00a0 \u00a0 \u00a0 \u00a0 \u00a0 \u00a0 \u00a0 \u00a0 \u00a0 \u00a0 \u00a0 \u00a0 \u00a0 \u00a0 \u00a0 \u00a0 \u00a0 \u00a0 \u00a0 \u00a0 \u00a0 \u00a0 \u00a0 \u00a0 \u00a0 \u00a0 \u00a0 \u00a0 \u00a0 \u00a0 \u00a0<\/p>\n<p><\/p>\n<div class=\"wp-block-button\"><a class=\"wp-block-button__link\" href=\"http:\/\/190.124.224.150\/cursowp\/www.arquirequisitoeninformatica.faud.unsj.edu.ar\/wp-content\/uploads\/2019\/03\/u1-bateria-ex-sketchup-1314.pdf\">descargar pdf<\/a><\/div>\n<p><\/p>\n<h3 class=\"wp-block-heading\"><strong>5. Algunos links a videotutoriales recomendados<\/strong><\/h3>\n<p><\/p>\n<h5 class=\"wp-block-heading\"><a href=\"https:\/\/www.arquiparados.com\/t211-curso-tutorial-google-sketchup-8-desde-cero-espanol\" target=\"_blank\" rel=\"noreferrer noopener\">introducci\u00f3n b\u00e1sica a sketchup<\/a><\/h5>\n<p><\/p>\n<h5 class=\"wp-block-heading\"><a href=\"https:\/\/www.youtube.com\/watch?v=Y1RiZCrD0KM\" target=\"_blank\" rel=\"noreferrer noopener\">Importaci\u00f3n de archivos de Autocad a Sketchup-Parte 1<\/a><\/h5>\n<p><\/p>\n<h5 class=\"wp-block-heading\"><a href=\"https:\/\/www.youtube.com\/watch?v=d5gBnKB_bk8\" target=\"_blank\" rel=\"noreferrer noopener\">Importaci\u00f3n de archivos de Autocad a Sketchup-Parte 2<\/a><\/h5>\n<p><\/p>\n<h4 class=\"wp-block-heading\"><a href=\"http:\/\/190.124.224.150\/cursowp\/www.arquirequisitoeninformatica.faud.unsj.edu.ar\/wp-content\/uploads\/2019\/03\/u1-atajos-skechup.pdf\" target=\"_blank\" rel=\"noreferrer noopener\" aria-label=\"Gu\u00eda de atajos de teclado de Skethup\u00a0 (abre en una nueva pesta\u00f1a)\">Gu\u00eda de atajos de teclado de Skethup\u00a0<\/a><\/h4>\n<p><\/p>\n<p class=\"has-background has-huge-font-size has-theme-color-background-color\" style=\"text-align: center;\"><strong>Unidad 2<\/strong><\/p>\n<p><\/p>\n<h3 class=\"wp-block-heading\"><strong>1-\u00a0Manual de iniciaci\u00f3n a Libre CAD<\/strong><\/h3>\n<p><\/p>\n<p>Autor:\u00a0 \u00a0Gobierno de Canarias \u00a0 \u00a0 \u00a0 \u00a0 \u00a0 \u00a0 \u00a0 \u00a0 \u00a0 \u00a0 \u00a0 \u00a0 \u00a0 \u00a0 \u00a0 \u00a0 \u00a0 \u00a0 \u00a0 \u00a0 \u00a0 \u00a0 \u00a0 \u00a0 \u00a0 A\u00f1o: 2017<\/p>\n<p><\/p>\n<p class=\"has-small-font-size\">URL:\u00a0 \u00a0<a href=\"http:\/\/www3.gobiernodecanarias.org\/medusa\/ecoblog\/ilopmon\/files\/2017\/10\/practicas-y-manual-librecad.pdf\">http:\/\/www3.gobiernodecanarias.org\/medusa\/ecoblog\/ilopmon\/files\/2017\/10\/practicas-y-manual-librecad.pdf<\/a><\/p>\n<p><\/p>\n<p>Se trata de un documento breve en el que se explican algunos conceptos claves para comenzar a manejar LibreCAD.\u00a0 \u00a0 \u00a0 \u00a0 \u00a0 \u00a0 \u00a0 \u00a0 \u00a0 \u00a0 \u00a0 \u00a0 \u00a0 \u00a0 \u00a0 \u00a0 \u00a0 \u00a0 \u00a0 \u00a0 \u00a0 \u00a0 \u00a0 \u00a0 \u00a0 \u00a0 \u00a0 \u00a0 \u00a0 \u00a0 \u00a0 \u00a0 \u00a0 \u00a0 \u00a0 \u00a0 \u00a0 \u00a0 \u00a0 \u00a0<\/p>\n<p><\/p>\n<div class=\"wp-block-button\"><a class=\"wp-block-button__link\" href=\"http:\/\/190.124.224.150\/cursowp\/www.arquirequisitoeninformatica.faud.unsj.edu.ar\/wp-content\/uploads\/2019\/04\/u2-Gobierno-Canarias.pdf\">descargar pdf<\/a><\/div>\n<p><\/p>\n<h3 class=\"wp-block-heading\"><strong>2-\u00a0Manual de Libre CAD<\/strong><\/h3>\n<p><\/p>\n<p>Autor:\u00a0 \u00c1rea de Servicios Departamento de Inform\u00e1tica Universidad Nacional de San Luis\u00a0 \u00a0 A\u00f1o: 2015<\/p>\n<p><\/p>\n<p class=\"has-small-font-size\">URL:\u00a0 \u00a0\u00a0<a href=\"http:\/\/accitec.byethost8.com\/descargas-alumnos\/send\/5-librecad\/14-manual-librecad\">http:\/\/accitec.byethost8.com\/descargas-alumnos\/send\/5-librecad\/14-manual-librecad<\/a><\/p>\n<p><\/p>\n<p>\u00a0 Este\u00a0 es un manual completo del programa en espa\u00f1ol.\u00a0<\/p>\n<p><\/p>\n<div class=\"wp-block-button\"><a class=\"wp-block-button__link\" href=\"http:\/\/190.124.224.150\/cursowp\/www.arquirequisitoeninformatica.faud.unsj.edu.ar\/wp-content\/uploads\/2019\/04\/u2-UNSL.pdf\">descargar pdf<\/a><\/div>\n<p><\/p>\n<h3 class=\"wp-block-heading\"><strong>3. Sitio Oficial de LibreCad y manual en l\u00ednea<\/strong><\/h3>\n<p><\/p>\n<p class=\"has-small-font-size\">URL:\u00a0<a href=\"http:\/\/wiki.librecad.org\/index.php?title=LibreCAD_users_Manual\/es\" target=\"_blank\" rel=\"noreferrer noopener\">http:\/\/wiki.librecad.org\/index.php?title=LibreCAD_users_Manual\/es<\/a><\/p>\n<p><\/p>\n<p>Esta es la direcci\u00f3n del Sitio oficial del programa.\u00a0 El manual es muy completo y contiene abundantes ilustraciones, aunque solo puede ser consultado en l\u00ednea.<\/p>\n<p><\/p>\n<h3 class=\"wp-block-heading\"><strong>4- Algunos links a videotutoriales recomendados<\/strong><\/h3>\n<p><\/p>\n<h5 class=\"wp-block-heading\"><a href=\"https:\/\/www.wikivideo.eu\/es\/youtube.php?id=x0MxByBKtvg\" target=\"_blank\" rel=\"noreferrer noopener\">Cambiar el idioma de la interfaz<\/a><\/h5>\n<p><\/p>\n<h5 class=\"wp-block-heading\"><a href=\"https:\/\/www.youtube.com\/watch?v=Vcc9KDBvjEU\">Entorno, barras de men\u00fas y coordenadas<\/a><\/h5>\n<p><\/p>\n<h5 class=\"wp-block-heading\"><a href=\"https:\/\/www.youtube.com\/watch?v=1uIBFp4JKKI\" target=\"_blank\" rel=\"noreferrer noopener\">Dibujar con coordenadas absolutas y relativas<\/a><\/h5>\n<p><\/p>\n<h5 class=\"wp-block-heading\"><a href=\"https:\/\/www.youtube.com\/watch?v=vm4tBqhntl0\" target=\"_blank\" rel=\"noreferrer noopener\">Dibujar un recuadro y r\u00f3tulo para una l\u00e1mina<\/a><\/h5>\n<p><\/p>\n<h5 class=\"wp-block-heading\"><a href=\"https:\/\/www.youtube.com\/watch?v=gLtIFT943tk\" target=\"_blank\" rel=\"noreferrer noopener\">Dibujo a escala en una l\u00e1mina<\/a><\/h5>\n<p><\/p>\n<p class=\"has-background has-huge-font-size has-theme-color-background-color\" style=\"text-align: center;\"><strong>Unidad 3<\/strong><\/p>\n<p><\/p>\n<h3 class=\"wp-block-heading\"><strong>1-\u00a0Manual de Open Office Calc\u00a0<\/strong><\/h3>\n<p><\/p>\n<p>Autor:\u00a0 Grupo universitario de GNULinux de Entre R\u00edos. \u00a0 \u00a0 \u00a0 \u00a0 \u00a0 \u00a0 \u00a0 \u00a0 \u00a0 \u00a0 \u00a0 \u00a0 \u00a0 \u00a0 \u00a0 \u00a0 \u00a0 \u00a0 \u00a0 \u00a0 \u00a0 \u00a0 \u00a0 \u00a0 \u00a0 \u00a0 A\u00f1o: s\/f<\/p>\n<p><\/p>\n<p class=\"has-small-font-size\">URL:\u00a0 \u00a0\u00a0<a href=\"http:\/\/wiki.open-office.es\/Recursos_Calc\">http:\/\/wiki.open-office.es\/Recursos_Calc<\/a><\/p>\n<p><\/p>\n<p>Este es un manual muy completo de 80 p\u00e1ginas de Calc.\u00a0 \u00a0 \u00a0 \u00a0 \u00a0 \u00a0 \u00a0 \u00a0 \u00a0 \u00a0 \u00a0 \u00a0 \u00a0 \u00a0 \u00a0 \u00a0 \u00a0 \u00a0 \u00a0 \u00a0 \u00a0 \u00a0 \u00a0 \u00a0 \u00a0 \u00a0 \u00a0 \u00a0 \u00a0 \u00a0 \u00a0 \u00a0 \u00a0 \u00a0 \u00a0 \u00a0 \u00a0<\/p>\n<p><\/p>\n<div class=\"wp-block-button\"><a class=\"wp-block-button__link\" href=\"http:\/\/190.124.224.150\/cursowp\/www.arquirequisitoeninformatica.faud.unsj.edu.ar\/wp-content\/uploads\/2019\/04\/u3-grupo-univ-ERios.pdf\">descargar pdf<\/a><\/div>\n<p><\/p>\n<h3 class=\"wp-block-heading\"><strong>2- Manual de Open Office<\/strong><\/h3>\n<p><\/p>\n<p>Autor:\u00a0 \u00a0Plataforma de e-learning 123Aprende \u00a0 \u00a0 \u00a0 \u00a0 \u00a0 \u00a0 \u00a0 \u00a0 \u00a0 \u00a0 \u00a0 \u00a0 \u00a0 \u00a0 \u00a0 \u00a0 \u00a0 \u00a0 \u00a0 \u00a0 \u00a0 \u00a0 \u00a0 \u00a0 \u00a0 A\u00f1o: s\/f<\/p>\n<p><\/p>\n<p class=\"has-small-font-size\">URL:\u00a0<a href=\"https:\/\/www.123aprende.com\/\">https:\/\/www.123aprende.com\/<\/a><\/p>\n<p><\/p>\n<p>En este caso se trata de un manual completo de Open Office que incluye un cap\u00edtulo dedicado a Calc (p\u00e1ginas 91 a 104).<\/p>\n<p><\/p>\n<div class=\"wp-block-button\"><a class=\"wp-block-button__link\" href=\"http:\/\/190.124.224.150\/cursowp\/www.arquirequisitoeninformatica.faud.unsj.edu.ar\/wp-content\/uploads\/2019\/04\/U3-Martin-Jimenez.pdf\">descargar pdf<\/a><\/div>\n<p><\/p>\n<h3 class=\"wp-block-heading\">3<strong>\u2013 Algunos links a videotutoriales recomendados<\/strong><\/h3>\n<p><\/p>\n<h5 class=\"wp-block-heading\"><a href=\"https:\/\/www.youtube.com\/watch?v=RlDfuSh69OA&amp;list=PLLLaU95AMQPrMifyMRgiwhqKA64g7Kiea\" target=\"_blank\" rel=\"noreferrer noopener\">Presentaci\u00f3n e instalaci\u00f3n de Open Office Calc<\/a><\/h5>\n<p><\/p>\n<h5 class=\"wp-block-heading\"><a href=\"https:\/\/www.youtube.com\/watch?v=QnIJmDmk0YA&amp;t=92s\" target=\"_blank\" rel=\"noreferrer noopener\">Ingresar y dar formato a datos<\/a><\/h5>\n<p><\/p>\n<h5 class=\"wp-block-heading\"><a href=\"https:\/\/www.youtube.com\/watch?v=kxYG6nORuzQ&amp;t=1240s\" target=\"_blank\" rel=\"noreferrer noopener\">Referencias absolutas, relativas y mixtas\u00a0<\/a><\/h5>\n<p><\/p>\n<h5 class=\"wp-block-heading\"><a href=\"https:\/\/www.youtube.com\/watch?v=M1ZvxIcEa1o&amp;t=150s\" target=\"_blank\" rel=\"noreferrer noopener\">Generaci\u00f3n y edici\u00f3n de gr\u00e1ficos\u00a0<\/a><\/h5>\n<p><\/p>\n<h5 class=\"wp-block-heading\"><a href=\"https:\/\/www.youtube.com\/watch?v=pSIykbO6TSA\" target=\"_blank\" rel=\"noreferrer noopener\">Preparaci\u00f3n de la pagina para impresi\u00f3n y para exportaci\u00f3n a PDF\u00a0<\/a><\/h5>\n<p><\/p>\t\t\t\t\t\t\t\t<\/div>\n\t\t\t\t<\/div>\n\t\t\t\t\t<\/div>\n\t\t<\/div>\n\t\t\t\t\t<\/div>\n\t\t<\/section>\n\t\t\t\t<\/div>\n\t\t","protected":false},"excerpt":{"rendered":"<p>Hemos ordenado la bibliograf\u00eda de acuerdo con el programa del Requisito. En la primera secci\u00f3n de cada unidad te ofrecemos una serie de documentos en formato pdf que puedes descargar&#8230; <a href=\"https:\/\/www.arquirequisitoeninformatica.faud.unsj.edu.ar\/index.php\/material-didactico\/\">Leer m\u00e1s &raquo;<\/a><\/p>\n","protected":false},"author":3,"featured_media":0,"parent":0,"menu_order":0,"comment_status":"closed","ping_status":"closed","template":"","meta":{"footnotes":""},"class_list":["post-14","page","type-page","status-publish","hentry"],"_links":{"self":[{"href":"https:\/\/www.arquirequisitoeninformatica.faud.unsj.edu.ar\/index.php\/wp-json\/wp\/v2\/pages\/14","targetHints":{"allow":["GET"]}}],"collection":[{"href":"https:\/\/www.arquirequisitoeninformatica.faud.unsj.edu.ar\/index.php\/wp-json\/wp\/v2\/pages"}],"about":[{"href":"https:\/\/www.arquirequisitoeninformatica.faud.unsj.edu.ar\/index.php\/wp-json\/wp\/v2\/types\/page"}],"author":[{"embeddable":true,"href":"https:\/\/www.arquirequisitoeninformatica.faud.unsj.edu.ar\/index.php\/wp-json\/wp\/v2\/users\/3"}],"replies":[{"embeddable":true,"href":"https:\/\/www.arquirequisitoeninformatica.faud.unsj.edu.ar\/index.php\/wp-json\/wp\/v2\/comments?post=14"}],"version-history":[{"count":35,"href":"https:\/\/www.arquirequisitoeninformatica.faud.unsj.edu.ar\/index.php\/wp-json\/wp\/v2\/pages\/14\/revisions"}],"predecessor-version":[{"id":730,"href":"https:\/\/www.arquirequisitoeninformatica.faud.unsj.edu.ar\/index.php\/wp-json\/wp\/v2\/pages\/14\/revisions\/730"}],"wp:attachment":[{"href":"https:\/\/www.arquirequisitoeninformatica.faud.unsj.edu.ar\/index.php\/wp-json\/wp\/v2\/media?parent=14"}],"curies":[{"name":"wp","href":"https:\/\/api.w.org\/{rel}","templated":true}]}}