{"id":12,"date":"2019-03-26T14:20:19","date_gmt":"2019-03-26T14:20:19","guid":{"rendered":"http:\/\/www.arquirequisitoeninformatica.faud.unsj.edu.ar\/?page_id=12"},"modified":"2026-04-01T00:13:22","modified_gmt":"2026-04-01T00:13:22","slug":"curso-de-apoyo","status":"publish","type":"page","link":"https:\/\/www.arquirequisitoeninformatica.faud.unsj.edu.ar\/index.php\/curso-de-apoyo\/","title":{"rendered":"Intro"},"content":{"rendered":"\t\t<div data-elementor-type=\"wp-page\" data-elementor-id=\"12\" class=\"elementor elementor-12\">\n\t\t\t\t\t\t<section class=\"elementor-section elementor-top-section elementor-element elementor-element-f06eb39 elementor-section-boxed elementor-section-height-default elementor-section-height-default\" data-id=\"f06eb39\" data-element_type=\"section\" data-e-type=\"section\">\n\t\t\t\t\t\t<div class=\"elementor-container elementor-column-gap-default\">\n\t\t\t\t\t<div class=\"elementor-column elementor-col-100 elementor-top-column elementor-element elementor-element-5ce1bfd\" data-id=\"5ce1bfd\" data-element_type=\"column\" data-e-type=\"column\">\n\t\t\t<div class=\"elementor-widget-wrap elementor-element-populated\">\n\t\t\t\t\t\t<div class=\"elementor-element elementor-element-8241f2c elementor-widget elementor-widget-text-editor\" data-id=\"8241f2c\" data-element_type=\"widget\" data-e-type=\"widget\" data-widget_type=\"text-editor.default\">\n\t\t\t\t<div class=\"elementor-widget-container\">\n\t\t\t\t\t\t\t\t\t<p><strong>Iniciamos el cursado del ciclo 2026 el mi\u00e9rcoles 1 de abril a la hora 8:30 en el Gabinete de Computaci\u00f3n de la FAUD <\/strong><\/p><p><strong>&#8211; <span style=\"color: #ff6600;\">Edici\u00f3n: ciclo 2026<\/span>&#8211;\u00a0<\/strong><\/p><p><span style=\"font-size: 16px; color: var( --e-global-color-text ); font-family: var( --e-global-typography-text-font-family ), Sans-serif; font-weight: var( --e-global-typography-text-font-weight );\">Presentaremos brevemente al equipo docente, el r\u00e9gimen de aprobaci\u00f3n y el plan de trabajo para dar comienzo al desarrollo del curso. <br \/><\/span><\/p><p><span style=\"font-size: 16px; color: var( --e-global-color-text ); font-family: var( --e-global-typography-text-font-family ), Sans-serif; font-weight: var( --e-global-typography-text-font-weight );\">La m<\/span><span style=\"font-size: 16px; color: var( --e-global-color-text ); font-family: var( --e-global-typography-text-font-family ), Sans-serif;\">odalidad de cursado es<strong> a distancia<\/strong>, con <strong>solo<\/strong> <strong>3 (tres)<\/strong> instancias <b>presenciales obligatorias localizadas <\/b><b>en el <\/b><\/span><span style=\"font-size: 16px; color: var( --e-global-color-text ); font-family: var( --e-global-typography-text-font-family ), Sans-serif;\"><b>Gabinete de Computaci\u00f3n Aplicada (GCA)<\/b> <strong>de la FAUD<\/strong><\/span><span style=\"font-size: 16px; color: var( --e-global-color-text ); font-family: var( --e-global-typography-text-font-family ), Sans-serif;\"><strong> y 9 (nueve)<\/strong> clases a<strong> distancia.<\/strong><\/span><span style=\"font-size: 16px; color: var( --e-global-color-text ); font-family: var( --e-global-typography-text-font-family ), Sans-serif;\">\u00a0<strong>Los d\u00edas de cursado ser\u00e1n los mi\u00e9rcoles de 8:30 a 11:30hs.<\/strong><\/span><\/p><p><span style=\"font-size: 16px; color: var( --e-global-color-text ); font-family: var( --e-global-typography-text-font-family ), Sans-serif;\">Si est\u00e1s interesado\/a en aprobar este requisito bajo esta modalidad , te pedimos que completes el formulario de registro de datos estar\u00e1 disponible en breve para el <strong>ciclo 2026.\u00a0<\/strong>\u00a0<\/span><\/p><p><strong>\u00a1Te esperamos!<\/strong><\/p>\t\t\t\t\t\t\t\t<\/div>\n\t\t\t\t<\/div>\n\t\t\t\t\t<\/div>\n\t\t<\/div>\n\t\t\t\t\t<\/div>\n\t\t<\/section>\n\t\t\t\t<section class=\"elementor-section elementor-top-section elementor-element elementor-element-97fbb2a elementor-section-boxed elementor-section-height-default elementor-section-height-default\" data-id=\"97fbb2a\" data-element_type=\"section\" data-e-type=\"section\">\n\t\t\t\t\t\t<div class=\"elementor-container elementor-column-gap-default\">\n\t\t\t\t\t<div class=\"elementor-column elementor-col-100 elementor-top-column elementor-element elementor-element-ffaac27\" data-id=\"ffaac27\" data-element_type=\"column\" data-e-type=\"column\">\n\t\t\t<div class=\"elementor-widget-wrap elementor-element-populated\">\n\t\t\t\t\t\t<div class=\"elementor-element elementor-element-0085fff elementor-widget-divider--view-line elementor-widget elementor-widget-divider\" data-id=\"0085fff\" data-element_type=\"widget\" data-e-type=\"widget\" data-widget_type=\"divider.default\">\n\t\t\t\t<div class=\"elementor-widget-container\">\n\t\t\t\t\t\t\t<div class=\"elementor-divider\">\n\t\t\t<span class=\"elementor-divider-separator\">\n\t\t\t\t\t\t<\/span>\n\t\t<\/div>\n\t\t\t\t\t\t<\/div>\n\t\t\t\t<\/div>\n\t\t\t\t\t<\/div>\n\t\t<\/div>\n\t\t\t\t\t<\/div>\n\t\t<\/section>\n\t\t\t\t<section class=\"elementor-section elementor-top-section elementor-element elementor-element-5e3d6d0 elementor-section-boxed elementor-section-height-default elementor-section-height-default\" data-id=\"5e3d6d0\" data-element_type=\"section\" data-e-type=\"section\">\n\t\t\t\t\t\t<div class=\"elementor-container elementor-column-gap-default\">\n\t\t\t\t\t<div class=\"elementor-column elementor-col-100 elementor-top-column elementor-element elementor-element-5b8f7cb\" data-id=\"5b8f7cb\" data-element_type=\"column\" data-e-type=\"column\">\n\t\t\t<div class=\"elementor-widget-wrap elementor-element-populated\">\n\t\t\t\t\t\t<div class=\"elementor-element elementor-element-38e7d11 elementor-widget elementor-widget-text-editor\" data-id=\"38e7d11\" data-element_type=\"widget\" data-e-type=\"widget\" data-widget_type=\"text-editor.default\">\n\t\t\t\t<div class=\"elementor-widget-container\">\n\t\t\t\t\t\t\t\t\t<iframe src=\"https:\/\/docs.google.com\/forms\/d\/e\/1FAIpQLSeB2eyDM_a0-tHVrFHS9DitP284jd-9Gc2A0YUPPOkryleL8Q\/viewform?embedded=true\" width=\"640\" height=\"800\" frameborder=\"0\" marginheight=\"0\" marginwidth=\"0\">Cargando\u2026<\/iframe>\t\t\t\t\t\t\t\t<\/div>\n\t\t\t\t<\/div>\n\t\t\t\t\t<\/div>\n\t\t<\/div>\n\t\t\t\t\t<\/div>\n\t\t<\/section>\n\t\t\t\t<section class=\"elementor-section elementor-top-section elementor-element elementor-element-6f79c85 elementor-section-boxed elementor-section-height-default elementor-section-height-default\" data-id=\"6f79c85\" data-element_type=\"section\" data-e-type=\"section\">\n\t\t\t\t\t\t<div class=\"elementor-container elementor-column-gap-default\">\n\t\t\t\t\t<div class=\"elementor-column elementor-col-100 elementor-top-column elementor-element elementor-element-79c3bc4\" data-id=\"79c3bc4\" data-element_type=\"column\" data-e-type=\"column\">\n\t\t\t<div class=\"elementor-widget-wrap elementor-element-populated\">\n\t\t\t\t\t\t<div class=\"elementor-element elementor-element-88e3d57 elementor-widget-divider--view-line elementor-widget elementor-widget-divider\" data-id=\"88e3d57\" data-element_type=\"widget\" data-e-type=\"widget\" data-widget_type=\"divider.default\">\n\t\t\t\t<div class=\"elementor-widget-container\">\n\t\t\t\t\t\t\t<div class=\"elementor-divider\">\n\t\t\t<span class=\"elementor-divider-separator\">\n\t\t\t\t\t\t<\/span>\n\t\t<\/div>\n\t\t\t\t\t\t<\/div>\n\t\t\t\t<\/div>\n\t\t\t\t\t<\/div>\n\t\t<\/div>\n\t\t\t\t\t<\/div>\n\t\t<\/section>\n\t\t\t\t<\/div>\n\t\t","protected":false},"excerpt":{"rendered":"<p>Iniciamos el cursado del ciclo 2026 el mi\u00e9rcoles 1 de abril a la hora 8:30 en el Gabinete de Computaci\u00f3n de la FAUD &#8211; Edici\u00f3n: ciclo 2026-\u00a0 Presentaremos brevemente al&#8230; <a href=\"https:\/\/www.arquirequisitoeninformatica.faud.unsj.edu.ar\/index.php\/curso-de-apoyo\/\">Leer m\u00e1s &raquo;<\/a><\/p>\n","protected":false},"author":3,"featured_media":0,"parent":0,"menu_order":0,"comment_status":"closed","ping_status":"closed","template":"","meta":{"footnotes":""},"class_list":["post-12","page","type-page","status-publish","hentry"],"_links":{"self":[{"href":"https:\/\/www.arquirequisitoeninformatica.faud.unsj.edu.ar\/index.php\/wp-json\/wp\/v2\/pages\/12","targetHints":{"allow":["GET"]}}],"collection":[{"href":"https:\/\/www.arquirequisitoeninformatica.faud.unsj.edu.ar\/index.php\/wp-json\/wp\/v2\/pages"}],"about":[{"href":"https:\/\/www.arquirequisitoeninformatica.faud.unsj.edu.ar\/index.php\/wp-json\/wp\/v2\/types\/page"}],"author":[{"embeddable":true,"href":"https:\/\/www.arquirequisitoeninformatica.faud.unsj.edu.ar\/index.php\/wp-json\/wp\/v2\/users\/3"}],"replies":[{"embeddable":true,"href":"https:\/\/www.arquirequisitoeninformatica.faud.unsj.edu.ar\/index.php\/wp-json\/wp\/v2\/comments?post=12"}],"version-history":[{"count":306,"href":"https:\/\/www.arquirequisitoeninformatica.faud.unsj.edu.ar\/index.php\/wp-json\/wp\/v2\/pages\/12\/revisions"}],"predecessor-version":[{"id":7229,"href":"https:\/\/www.arquirequisitoeninformatica.faud.unsj.edu.ar\/index.php\/wp-json\/wp\/v2\/pages\/12\/revisions\/7229"}],"wp:attachment":[{"href":"https:\/\/www.arquirequisitoeninformatica.faud.unsj.edu.ar\/index.php\/wp-json\/wp\/v2\/media?parent=12"}],"curies":[{"name":"wp","href":"https:\/\/api.w.org\/{rel}","templated":true}]}}