{"id":10,"date":"2019-03-26T14:20:05","date_gmt":"2019-03-26T14:20:05","guid":{"rendered":"http:\/\/www.arquirequisitoeninformatica.faud.unsj.edu.ar\/?page_id=10"},"modified":"2026-02-04T15:22:36","modified_gmt":"2026-02-04T15:22:36","slug":"modalidades-de-la-prueba","status":"publish","type":"page","link":"https:\/\/www.arquirequisitoeninformatica.faud.unsj.edu.ar\/index.php\/modalidades-de-la-prueba\/","title":{"rendered":"Prueba de Suficiencia"},"content":{"rendered":"\t\t<div data-elementor-type=\"wp-post\" data-elementor-id=\"10\" class=\"elementor elementor-10\">\n\t\t\t\t\t\t<section class=\"elementor-section elementor-top-section elementor-element elementor-element-d0dad11 elementor-section-boxed elementor-section-height-default elementor-section-height-default\" data-id=\"d0dad11\" data-element_type=\"section\" data-e-type=\"section\">\n\t\t\t\t\t\t<div class=\"elementor-container elementor-column-gap-default\">\n\t\t\t\t\t<div class=\"elementor-column elementor-col-100 elementor-top-column elementor-element elementor-element-9648a5b\" data-id=\"9648a5b\" data-element_type=\"column\" data-e-type=\"column\">\n\t\t\t<div class=\"elementor-widget-wrap elementor-element-populated\">\n\t\t\t\t\t\t<div class=\"elementor-element elementor-element-dabf753 elementor-widget elementor-widget-text-editor\" data-id=\"dabf753\" data-element_type=\"widget\" data-e-type=\"widget\" data-widget_type=\"text-editor.default\">\n\t\t\t\t<div class=\"elementor-widget-container\">\n\t\t\t\t\t\t\t\t\t<p><b>La Prueba de Suficiencia en Inform\u00e1tica se rinde en Modalidad <span style=\"font-size: 16px; color: var( --e-global-color-text ); font-family: var( --e-global-typography-text-font-family ), Sans-serif;\">Presencial localizada en el Gabinete de Computaci\u00f3n Aplicada\u00bb de la FAUD.\u00a0<\/span><\/b><\/p>\n<p><span style=\"color: var( --e-global-color-text ); font-family: var( --e-global-typography-text-font-family ), Sans-serif; font-size: 16px; font-weight: var( --e-global-typography-text-font-weight );\">Para cada mesa, se sugiere consultar la informaci\u00f3n publicada o <strong>solicitar consulta<\/strong> con el equipo docente con antelaci\u00f3n suficiente.<\/span><\/p>\t\t\t\t\t\t\t\t<\/div>\n\t\t\t\t<\/div>\n\t\t\t\t\t<\/div>\n\t\t<\/div>\n\t\t\t\t\t<\/div>\n\t\t<\/section>\n\t\t\t\t<section class=\"elementor-section elementor-top-section elementor-element elementor-element-08dabbc elementor-section-boxed elementor-section-height-default elementor-section-height-default\" data-id=\"08dabbc\" data-element_type=\"section\" data-e-type=\"section\">\n\t\t\t\t\t\t<div class=\"elementor-container elementor-column-gap-default\">\n\t\t\t\t\t<div class=\"elementor-column elementor-col-100 elementor-top-column elementor-element elementor-element-6dfbdbc\" data-id=\"6dfbdbc\" data-element_type=\"column\" data-e-type=\"column\">\n\t\t\t<div class=\"elementor-widget-wrap elementor-element-populated\">\n\t\t\t\t\t\t<div class=\"elementor-element elementor-element-9c1fdfb elementor-alert-info elementor-widget elementor-widget-alert\" data-id=\"9c1fdfb\" data-element_type=\"widget\" data-e-type=\"widget\" data-widget_type=\"alert.default\">\n\t\t\t\t<div class=\"elementor-widget-container\">\n\t\t\t\t\t\t\t<div class=\"elementor-alert\" role=\"alert\">\n\n\t\t\t\t\t\t<span class=\"elementor-alert-title\">FORMAS POSIBLES DE APROBACI\u00d3N<\/span>\n\t\t\t\n\t\t\t\t\t\t<span class=\"elementor-alert-description\">Las formas de aprobaci\u00f3n de \u00e9sta Prueba de Suficiencia, son dos. En ambas, los\/as estudiantes de la carrera de Arquitectura y Urbanismo deber\u00e1n inscribirse a trav\u00e9s del Departamento Alumnos de la FAUD y presentarse en forma personal el d\u00eda de la mesa en la que se inscribi\u00f3.  \nA continuaci\u00f3n se detallan  las caracter\u00edsticas de cada opci\u00f3n: <\/span>\n\t\t\t\n\t\t\t\n\t\t<\/div>\n\t\t\t\t\t\t<\/div>\n\t\t\t\t<\/div>\n\t\t\t\t\t<\/div>\n\t\t<\/div>\n\t\t\t\t\t<\/div>\n\t\t<\/section>\n\t\t\t\t<section class=\"elementor-section elementor-top-section elementor-element elementor-element-eddedba elementor-section-boxed elementor-section-height-default elementor-section-height-default\" data-id=\"eddedba\" data-element_type=\"section\" data-e-type=\"section\">\n\t\t\t\t\t\t<div class=\"elementor-container elementor-column-gap-default\">\n\t\t\t\t\t<div class=\"elementor-column elementor-col-100 elementor-top-column elementor-element elementor-element-8b012ea\" data-id=\"8b012ea\" data-element_type=\"column\" data-e-type=\"column\">\n\t\t\t<div class=\"elementor-widget-wrap elementor-element-populated\">\n\t\t\t\t\t\t<div class=\"elementor-element elementor-element-7018d9b elementor-tabs-view-horizontal elementor-widget elementor-widget-tabs\" data-id=\"7018d9b\" data-element_type=\"widget\" data-e-type=\"widget\" data-widget_type=\"tabs.default\">\n\t\t\t\t<div class=\"elementor-widget-container\">\n\t\t\t\t\t\t\t<div class=\"elementor-tabs\">\n\t\t\t<div class=\"elementor-tabs-wrapper\" role=\"tablist\" >\n\t\t\t\t\t\t\t\t\t<div id=\"elementor-tab-title-1171\" class=\"elementor-tab-title elementor-tab-desktop-title\" aria-selected=\"true\" data-tab=\"1\" role=\"tab\" tabindex=\"0\" aria-controls=\"elementor-tab-content-1171\" aria-expanded=\"false\">FORMA DE APROBACI\u00d3N \"1\"<\/div>\n\t\t\t\t\t\t\t\t\t<div id=\"elementor-tab-title-1172\" class=\"elementor-tab-title elementor-tab-desktop-title\" aria-selected=\"false\" data-tab=\"2\" role=\"tab\" tabindex=\"-1\" aria-controls=\"elementor-tab-content-1172\" aria-expanded=\"false\">FORMA DE APROBACI\u00d3N \"2\"<\/div>\n\t\t\t\t\t\t\t<\/div>\n\t\t\t<div class=\"elementor-tabs-content-wrapper\" role=\"tablist\" aria-orientation=\"vertical\">\n\t\t\t\t\t\t\t\t\t<div class=\"elementor-tab-title elementor-tab-mobile-title\" aria-selected=\"true\" data-tab=\"1\" role=\"tab\" tabindex=\"0\" aria-controls=\"elementor-tab-content-1171\" aria-expanded=\"false\">FORMA DE APROBACI\u00d3N \"1\"<\/div>\n\t\t\t\t\t<div id=\"elementor-tab-content-1171\" class=\"elementor-tab-content elementor-clearfix\" data-tab=\"1\" role=\"tabpanel\" aria-labelledby=\"elementor-tab-title-1171\" tabindex=\"0\" hidden=\"false\"><h4><em>Destinatario\/as:<\/em><\/h4>\n<p>Estudiantes que no realizaron el Curso de Apoyo; que lo hicieron pero solo cursaron algunas de las unidades; que habiendo cursado no aprobaron el 100% de los trabajos pr\u00e1cticos o que aprobaron el 100% de los trabajos pr\u00e1cticos pero en diferentes ciclos lectivos.<\/p>\n<h4><em>Forma de la Prueba &#8211;<span style=\"color: #3366ff;\"> Calendario Acad\u00e9mico 2025\/2026:<\/span><\/em><\/h4>\n<p><span style=\"color: var( --e-global-color-text ); font-family: var( --e-global-typography-text-font-family ), Sans-serif; font-size: 16px; font-weight: var( --e-global-typography-text-font-weight );\">Cada estudiante previamente inscripto\/a en la mesa\u00a0 de examen en el <\/span><span style=\"color: var( --e-global-color-text ); font-family: var( --e-global-typography-text-font-family ), Sans-serif; font-size: 16px;\"><b>SIU Guaran\u00ed<\/b><\/span><span style=\"color: var( --e-global-color-text ); font-family: var( --e-global-typography-text-font-family ), Sans-serif; font-size: 16px; font-weight: var( --e-global-typography-text-font-weight );\"> (este paso debe hacerse present\u00e1ndose en forma personal \u00f3 llamando telef\u00f3nicamente a la FAUD Departamento \u00abAlumnos\u00bb), deber\u00e1:<\/span><\/p>\n<ul>\n<li>\n<p><span style=\"color: var( --e-global-color-text ); font-family: var( --e-global-typography-text-font-family ), Sans-serif; font-size: 16px; font-weight: var( --e-global-typography-text-font-weight );\">Contar con <\/span><span style=\"color: var( --e-global-color-text ); font-family: var( --e-global-typography-text-font-family ), Sans-serif; font-size: 16px;\"><b>mail actualizado en el sistema SIU Guarani<\/b><\/span><span style=\"color: var( --e-global-color-text ); font-family: var( --e-global-typography-text-font-family ), Sans-serif; font-size: 16px; font-weight: var( --e-global-typography-text-font-weight );\">, y de acceso frecuente, ya que ser\u00e1 el medio de comunicaci\u00f3n que el Tribunal de Examen emplear\u00e1 para comunicarse.\u00a0\u00a0<\/span><\/p>\n<\/li>\n<li>\n<p><span style=\"color: var( --e-global-color-text ); font-family: var( --e-global-typography-text-font-family ), Sans-serif; font-size: 16px;\"><b>Recibir las instrucciones<\/b><\/span><span style=\"color: var( --e-global-color-text ); font-family: var( --e-global-typography-text-font-family ), Sans-serif; font-size: 16px; font-weight: var( --e-global-typography-text-font-weight );\"> que el Tribunal de Examen env\u00ede <\/span><span style=\"color: var( --e-global-color-text ); font-family: var( --e-global-typography-text-font-family ), Sans-serif; font-size: 16px;\"><b>por mail<\/b><\/span><span style=\"color: var( --e-global-color-text ); font-family: var( --e-global-typography-text-font-family ), Sans-serif; font-size: 16px; font-weight: var( --e-global-typography-text-font-weight );\"> y<\/span><span style=\"color: var( --e-global-color-text ); font-family: var( --e-global-typography-text-font-family ), Sans-serif; font-size: 16px;\"><b> confirmar<\/b><\/span><span style=\"color: var( --e-global-color-text ); font-family: var( --e-global-typography-text-font-family ), Sans-serif; font-size: 16px; font-weight: var( --e-global-typography-text-font-weight );\"> recepci\u00f3n de las mismas.\u00a0\u00a0<\/span><\/p>\n<\/li>\n<li>\n<p><span style=\"color: var( --e-global-color-text ); font-family: var( --e-global-typography-text-font-family ), Sans-serif; font-size: 16px; font-weight: var( --e-global-typography-text-font-weight );\">Asistir en <strong>forma presencial localizada, a la hora 16, <\/strong>al Gabinete de Computaci\u00f3n a fin de rendir el examen el d\u00eda de la mesa.<\/span><\/p>\n<\/li>\n<li>\n<p><span style=\"font-size: 1rem;\">Habiendo cumplido los pasos previos, cada estudiante deber\u00e1 resolver un ejercicio integrador que involucre problemas similares a los resueltos en los trabajos pr\u00e1cticos del Curso de Apoyo.<\/span><\/p>\n<\/li>\n<li>\n<p><span style=\"font-size: 1rem;\">Se podr\u00e1n emplear los softwares \/aplicaciones en l\u00ednea de los que disponga cada estudiante en su computadora, siempre y cuando pueda exportar archivos finales en alguno de estos formatos y versiones m\u00e1ximas:\u00a0 <\/span><span style=\"font-size: 1rem;\">Modelos tridimensionales:<\/span><strong style=\"font-size: 1rem;\">\u00a0 por ej: skp <\/strong><span style=\"font-size: 1rem;\">(<strong>versi\u00f3n 2021<\/strong>) o<\/span><strong style=\"font-size: 1rem;\"> .max; <\/strong><span style=\"font-size: 1rem;\">Gr\u00e1ficos en dos dimensiones: <\/span><strong style=\"font-size: 1rem;\">.dxf<\/strong><span style=\"font-size: 1rem;\"> o <\/span><strong style=\"font-size: 1rem;\">.dwg<\/strong><span style=\"font-size: 1rem;\"> (<strong>versi\u00f3n 2021<\/strong>); <\/span><span style=\"font-size: 1rem;\">Hojas de c\u00e1lculo:.<\/span><strong style=\"font-size: 1rem;\">ods,<\/strong> <strong style=\"font-size: 1rem;\">.xls<\/strong><span style=\"font-size: 1rem;\">, o <\/span><strong style=\"font-size: 1rem;\">.xlsx <\/strong><span style=\"font-size: 1rem;\"><strong>(versi\u00f3n 2016);<\/strong>\u00a0<\/span><span style=\"font-size: 1rem;\">Im\u00e1genes\/documentos: <\/span><strong style=\"font-size: 1rem;\">.pdf<\/strong><span style=\"font-size: 1rem;\">, <\/span><strong style=\"font-size: 1rem;\">.jpg<\/strong><span style=\"font-size: 1rem;\"> y\/o <\/span><strong style=\"font-size: 1rem;\">.png<\/strong><\/p>\n<\/li>\n<li>Para resolver el examen cada estudiante contar\u00e1 con un tiempo acotado (90 min.) y podr\u00e1 acceder a todo el material bibliogr\u00e1fico que desee, inclusive en soporte digital.\u00a0 En todos los casos los\u00a0 insumos b\u00e1sicos para la resoluci\u00f3n de los ejercicios ser\u00e1n aportados por el equipo docente.<\/li>\n<\/ul>\n<ul>\n<li>Una vez finalizado el tiempo, los archivos generados deber\u00e1n ser enviados al tribunal subi\u00e9ndolos en la tarea prevista para tal fin en la pesta\u00f1a \u00abExamen\u00bb del Aula Virtual.\u00a0<\/li>\n<\/ul>\n<h4><em>Criterios de evaluaci\u00f3n:<\/em><\/h4>\n<p>Cada examen ser\u00e1 evaluada por el tribunal\u00a0 y calificado con nota de 0 a 10 consider\u00e1ndose aprobado (con nota m\u00ednima de aprobaci\u00f3n = 4) si resolvi\u00f3 en forma correcta al menos el 60 % del contenido total del examen.\u00a0<\/p>\n<p><span style=\"color: var( --e-global-color-text ); font-size: 16px;\">Para llevar adelante la evaluaci\u00f3n el tribunal evaluar\u00e1 los aspectos tecnol\u00f3gicos de los archivos entregados a partir de las decisiones tomadas y la metodolog\u00eda seguida para su generaci\u00f3n<\/span><span style=\"color: var( --e-global-color-text ); font-size: 16px;\">. En la evaluaci\u00f3n, se tendr\u00e1 en cuenta:<\/span><\/p>\n<ul>\n<li>\n<p>Respeto por las consignas (forma de presentaci\u00f3n y contenido).\u00a0<\/p>\n<\/li>\n<li>\n<p>Calidad en los aspectos tecnol\u00f3gicos de la producci\u00f3n lograda (archivos tecnol\u00f3gicamente \u00f3ptimos).\u00a0<\/p>\n<\/li>\n<li>\n<p>Grado de aprovechamiento de las herramientas espec\u00edficas que ofrece cada programa empleado, de acuerdo con su l\u00f3gica de trabajo.<\/p>\n<\/li>\n<li>\n<p>Nivel de avance logrado en el tiempo disponible para dar respuesta al problema planteado.<\/p>\n<\/li>\n<\/ul>\n<p><strong>R\u00fabrica de evaluaci\u00f3n<\/strong><\/p>\n<p>A continuaci\u00f3n se presenta la r\u00fabrica de evaluaci\u00f3n que expone los principales aspectos a evaluar en la Prueba de Suficiencia en Inform\u00e1tica:<\/p>\n<div id=\"attachment_54\" style=\"width: 70px\" class=\"wp-caption alignnone\"><a href=\"http:\/\/www.arquirequisitoeninformatica.faud.unsj.edu.ar\/wp-content\/uploads\/2019\/09\/Rubrica-evaluacion-2019.pdf\" target=\"_blank\" rel=\"noopener\"><img decoding=\"async\" aria-describedby=\"caption-attachment-54\" src=\"http:\/\/www.arquirequisitoeninformatica.faud.unsj.edu.ar\/wp-content\/uploads\/2019\/03\/acroicono.gif\" alt=\"\" width=\"60\" height=\"60\" \/><\/a><p id=\"caption-attachment-54\" class=\"wp-caption-text\">Descargar PDF<\/p><\/div>\n<p><!-- \/wp:list --><!-- wp:heading {\"level\":4} --><\/p>\n<h4>Modelo de examen<\/h4>\n<p><!-- \/wp:heading --><!-- wp:button --><\/p>\n<div>\n<div id=\"attachment_54\" style=\"width: 70px\" class=\"wp-caption alignnone\"><a href=\"http:\/\/www.arquirequisitoeninformatica.faud.unsj.edu.ar\/wp-content\/uploads\/2019\/03\/modelo-examen.pdf\" target=\"_blank\" rel=\"noopener\"><img decoding=\"async\" aria-describedby=\"caption-attachment-54\" src=\"http:\/\/www.arquirequisitoeninformatica.faud.unsj.edu.ar\/wp-content\/uploads\/2019\/03\/acroicono.gif\" alt=\"\" width=\"60\" height=\"60\" \/><\/a><p id=\"caption-attachment-54\" class=\"wp-caption-text\">Descargar PDF<\/p><\/div>\n<\/div><\/div>\n\t\t\t\t\t\t\t\t\t<div class=\"elementor-tab-title elementor-tab-mobile-title\" aria-selected=\"false\" data-tab=\"2\" role=\"tab\" tabindex=\"-1\" aria-controls=\"elementor-tab-content-1172\" aria-expanded=\"false\">FORMA DE APROBACI\u00d3N \"2\"<\/div>\n\t\t\t\t\t<div id=\"elementor-tab-content-1172\" class=\"elementor-tab-content elementor-clearfix\" data-tab=\"2\" role=\"tabpanel\" aria-labelledby=\"elementor-tab-title-1172\" tabindex=\"0\" hidden=\"hidden\"><div><b>\u00a0<em style=\"font-size: 1rem; color: var( --e-global-color-text );\">Destinatario\/as:\u00a0<\/em><\/b><\/div>\n<div><b><em style=\"font-size: 1rem; color: var( --e-global-color-text );\">\u00a0<\/em><\/b><\/div>\n<p>Estudiantes de la carrera que acrediten haber aprobado el 100% de los trabajos pr\u00e1cticos del Curso de Apoyo (con nota 6 o superior)\u00a0 y participaci\u00f3n en las actividades de aprendizaje\u00a0 propuestas para cada uno de los m\u00f3dulos de cada una de las tres unidades, en un mismo ciclo lectivo.<\/p>\n<h4><em><strong>Forma de la Prueba:<\/strong><\/em><\/h4>\n<p>Cada estudiante inscripto\/a en la mesa seleccionada, habiendo acreditado previamente\u00a0 que aprob\u00f3 el total de los Trabajos Pr\u00e1cticos del Curso de Apoyo del ciclo en el que curs\u00f3, recibir\u00e1 su nota final a trav\u00e9s del sistema SIU Guaran\u00ed.\u00a0<\/p>\n<h4><em><strong>Criterios de evaluaci\u00f3n:<\/strong><\/em><\/h4>\n<p>La nota de aprobaci\u00f3n ser\u00e1 igual al promedio de las notas obtenidas en los Trabajos Pr\u00e1cticos.\u00a0<\/p><\/div>\n\t\t\t\t\t\t\t<\/div>\n\t\t<\/div>\n\t\t\t\t\t\t<\/div>\n\t\t\t\t<\/div>\n\t\t\t\t\t<\/div>\n\t\t<\/div>\n\t\t\t\t\t<\/div>\n\t\t<\/section>\n\t\t\t\t<\/div>\n\t\t","protected":false},"excerpt":{"rendered":"<p>La Prueba de Suficiencia en Inform\u00e1tica se rinde en Modalidad Presencial localizada en el Gabinete de Computaci\u00f3n Aplicada\u00bb de la FAUD.\u00a0 Para cada mesa, se sugiere consultar la informaci\u00f3n publicada&#8230; <a href=\"https:\/\/www.arquirequisitoeninformatica.faud.unsj.edu.ar\/index.php\/modalidades-de-la-prueba\/\">Leer m\u00e1s &raquo;<\/a><\/p>\n","protected":false},"author":3,"featured_media":0,"parent":0,"menu_order":0,"comment_status":"closed","ping_status":"closed","template":"","meta":{"footnotes":""},"class_list":["post-10","page","type-page","status-publish","hentry"],"_links":{"self":[{"href":"https:\/\/www.arquirequisitoeninformatica.faud.unsj.edu.ar\/index.php\/wp-json\/wp\/v2\/pages\/10","targetHints":{"allow":["GET"]}}],"collection":[{"href":"https:\/\/www.arquirequisitoeninformatica.faud.unsj.edu.ar\/index.php\/wp-json\/wp\/v2\/pages"}],"about":[{"href":"https:\/\/www.arquirequisitoeninformatica.faud.unsj.edu.ar\/index.php\/wp-json\/wp\/v2\/types\/page"}],"author":[{"embeddable":true,"href":"https:\/\/www.arquirequisitoeninformatica.faud.unsj.edu.ar\/index.php\/wp-json\/wp\/v2\/users\/3"}],"replies":[{"embeddable":true,"href":"https:\/\/www.arquirequisitoeninformatica.faud.unsj.edu.ar\/index.php\/wp-json\/wp\/v2\/comments?post=10"}],"version-history":[{"count":292,"href":"https:\/\/www.arquirequisitoeninformatica.faud.unsj.edu.ar\/index.php\/wp-json\/wp\/v2\/pages\/10\/revisions"}],"predecessor-version":[{"id":7169,"href":"https:\/\/www.arquirequisitoeninformatica.faud.unsj.edu.ar\/index.php\/wp-json\/wp\/v2\/pages\/10\/revisions\/7169"}],"wp:attachment":[{"href":"https:\/\/www.arquirequisitoeninformatica.faud.unsj.edu.ar\/index.php\/wp-json\/wp\/v2\/media?parent=10"}],"curies":[{"name":"wp","href":"https:\/\/api.w.org\/{rel}","templated":true}]}}